{"id":5062,"date":"2016-12-05T08:19:01","date_gmt":"2016-12-05T08:19:01","guid":{"rendered":"https:\/\/argenta.clbthemes.com\/demo_09\/?page_id=5062"},"modified":"2025-02-26T20:41:05","modified_gmt":"2025-02-26T20:41:05","slug":"inicio","status":"publish","type":"page","link":"https:\/\/maniguacasadecomidas.com\/en\/","title":{"rendered":"Home"},"content":{"rendered":"<div data-vc-full-width=\"true\" data-vc-full-width-init=\"false\" data-vc-stretch-content=\"true\" class=\"vc_row wpb_row vc_row-fluid vc_custom_1485177593273 vc_row-no-padding\"><div class=\"wpb_column vc_column_container vc_col-sm-12\"><div class=\"vc_column-inner vc_custom_1482247294705\"><div class=\"wpb_wrapper\">\n\t\t\t<!-- START Slider home REVOLUTION SLIDER 6.6.13 --><p class=\"rs-p-wp-fix\"><\/p>\n\t\t\t<rs-module-wrap id=\"rev_slider_3_1_wrapper\" data-source=\"gallery\" style=\"visibility:hidden;background:#ffffff;padding:0;margin:0px auto;margin-top:0;margin-bottom:0;\">\n\t\t\t\t<rs-module id=\"rev_slider_3_1\" style=\"\" data-version=\"6.6.13\">\n\t\t\t\t\t<rs-slides style=\"overflow: hidden; position: absolute;\">\n\t\t\t\t\t\t<rs-slide style=\"position: absolute;\" data-key=\"rs-11\" data-title=\"01\" data-in=\"o:1;x:-100%;\" data-out=\"x:60%;\">\n\t\t\t\t\t\t\t<img decoding=\"async\" src=\"\/\/maniguacasadecomidas.com\/wp-content\/plugins\/slider-revolution\/public\/assets\/assets\/dummy.png\" alt=\"\" title=\"SLIDER PRUEBA 2\" width=\"1359\" height=\"975\" class=\"rev-slidebg tp-rs-img rs-lazyload\" data-lazyload=\"\/\/maniguacasadecomidas.com\/wp-content\/uploads\/2023\/07\/SLIDER-PRUEBA-2.jpg\" data-parallax=\"off\" data-no-retina>\n<!--\n\t\t\t\t\t\t\t--><rs-layer\n\t\t\t\t\t\t\t\tid=\"slider-3-slide-11-layer-7\" \n\t\t\t\t\t\t\t\tdata-type=\"image\"\n\t\t\t\t\t\t\t\tdata-rsp_ch=\"on\"\n\t\t\t\t\t\t\t\tdata-xy=\"xo:394px,296px,224px,18px;yo:171px,128px,97px,118px;\"\n\t\t\t\t\t\t\t\tdata-text=\"w:normal;s:20,15,11,6;l:0,18,13,8;\"\n\t\t\t\t\t\t\t\tdata-dim=\"w:573px,431px,327px,443px;h:646px,486px,369px,500px;\"\n\t\t\t\t\t\t\t\tdata-frame_999=\"o:0;st:w;\"\n\t\t\t\t\t\t\t\tstyle=\"z-index:8;\"\n\t\t\t\t\t\t\t><img decoding=\"async\" src=\"\/\/maniguacasadecomidas.com\/wp-content\/plugins\/slider-revolution\/public\/assets\/assets\/dummy.png\" alt=\"\" class=\"tp-rs-img rs-lazyload\" width=\"573\" height=\"646\" data-lazyload=\"\/\/maniguacasadecomidas.com\/wp-content\/uploads\/2024\/08\/slide-4.fw_.png\" data-no-retina> \n\t\t\t\t\t\t\t<\/rs-layer><!--\n-->\t\t\t\t\t\t<\/rs-slide>\n\t\t\t\t\t<\/rs-slides>\n\t\t\t\t\t<rs-static-layers class=\"rs-stl-visible\"><!--\n\t\t\t\t\t--><\/rs-static-layers>\n\t\t\t\t<\/rs-module>\n\t\t\t\t<script>\n\t\t\t\t\tsetREVStartSize({c: 'rev_slider_3_1',rl:[1240,1024,778,480],el:[975,600,500,650],gw:[1359,1024,778,480],gh:[975,600,500,650],type:'standard',justify:'',layout:'fullwidth',mh:\"0\"});if (window.RS_MODULES!==undefined && window.RS_MODULES.modules!==undefined && window.RS_MODULES.modules[\"revslider31\"]!==undefined) {window.RS_MODULES.modules[\"revslider31\"].once = false;window.revapi3 = undefined;if (window.RS_MODULES.checkMinimal!==undefined) window.RS_MODULES.checkMinimal()}\n\t\t\t\t<\/script>\n\t\t\t<\/rs-module-wrap>\n\t\t\t<!-- END REVOLUTION SLIDER -->\n<\/div><\/div><\/div><\/div><div class=\"vc_row-full-width vc_clearfix\"><\/div><div data-vc-full-width=\"true\" data-vc-full-width-init=\"false\" data-vc-stretch-content=\"true\" class=\"vc_row wpb_row vc_row-fluid vc_row-no-padding vc_row-o-equal-height vc_row-flex\"><div class=\"wpb_column vc_column_container vc_col-sm-6 vc_col-has-fill\"><div class=\"vc_column-inner vc_custom_1688461695241\"><div class=\"wpb_wrapper\"><div class=\"vc_empty_space  arg-spacer\"   style=\"height: 100px\"><span class=\"vc_empty_space_inner\"><\/span><\/div><div class=\"vc_row wpb_row vc_inner vc_row-fluid vc_custom_1686139158628\"><div class=\"wpb_column vc_column_container vc_col-sm-12\"><div class=\"vc_column-inner vc_custom_1481114101962\"><div class=\"wpb_wrapper\"><div id=\"argenta-custom-69e778e3765f5\"  >\n\t<p style=\"text-align: right;\"><span style=\"color: #000000;\">IN THE JUNGLE-COOKING<\/span><br class=\"vc_hidden-xs\" \/><span style=\"color: #b26d1e;\"> FROM THE HEART, BECAUSE ONLY IN THIS WAY<\/span><br class=\"vc_hidden-xs\" \/><span style=\"color: #000000;\"> IT GETS TO THE HEART OF THE DINER<\/span><\/p>\n<\/div>\n\n<div class=\"vc_empty_space\"   style=\"height: 12px\"><span class=\"vc_empty_space_inner\"><\/span><\/div><div id=\"argenta-custom-69e778e376a91\"  >\n\t<p style=\"text-align: right;\"><span style=\"color: #858585;\">En Manigua apostamos por productos de temporada y locales, de la mejor calidad. Reinterpretando el recetario granadino con respeto, con los ojos abiertos, pero tambi\u00e9n con la mente abierta.<\/span><\/p>\n<\/div>\n\n<div class=\"vc_empty_space\"   style=\"height: 12px\"><span class=\"vc_empty_space_inner\"><\/span><\/div><div class=\"button_wrapper\"  >\n\t\n\t<a href=\"https:\/\/maniguacasadecomidas.com\/en\/carta\/\" class=\"btn btn-outline full-width\">\n\t\t\t\t<span class=\"text\">OUR LETTER<\/span>\n\t\t\t<\/a>\n\t\n<\/div>\n\n<\/div><\/div><\/div><\/div><div class=\"vc_empty_space  arg-spacer\"   style=\"height: 100px\"><span class=\"vc_empty_space_inner\"><\/span><\/div><\/div><\/div><\/div><div class=\"wpb_column vc_column_container vc_col-sm-6 vc_col-has-fill\"><div class=\"vc_column-inner vc_custom_1688462146163\"><div class=\"wpb_wrapper\"><div class=\"vc_empty_space  arg-spacer\"   style=\"height: 100px\"><span class=\"vc_empty_space_inner\"><\/span><\/div><div class=\"vc_row wpb_row vc_inner vc_row-fluid vc_custom_1686139316548 vc_row-has-fill\"><div class=\"wpb_column vc_column_container vc_col-sm-12\"><div class=\"vc_column-inner vc_custom_1481100363017\"><div class=\"wpb_wrapper\"><div id=\"argenta-custom-69e778e378105\"  class=\"heading-wrapper text-left\"  >\n\t\t\t<p class=\"subtitle\">Open Wednesday to Sunday<\/p>\n\t\n\t<h3 class=\"second-title text-left\">ONLINE RESERVATIONS<\/h3>\n\n\t\n\t\t<div class=\"divider-solid\"><div class=\"divider-line\"><\/div><\/div>\t\n\t<\/div>\t\n\n<div class=\"vc_empty_space  arg-spacer\"   style=\"height: 100px\"><span class=\"vc_empty_space_inner\"><\/span><\/div><div class=\"button_wrapper\"  >\n\t\n\t<a href=\"https:\/\/maniguacasadecomidas.com\/en\/reservar-mesa\/\" class=\"btn full-width\">\n\t\t\t\t<span class=\"text\">BOOK A TABLE<\/span>\n\t\t\t<\/a>\n\t\n<\/div>\n\n<div class=\"vc_empty_space\"   style=\"height: 50px\"><span class=\"vc_empty_space_inner\"><\/span><\/div>\t<ul class=\"list-box-icon contact-module list-box-border-items-offset\">\n\t\n\t\t\n\t<\/ul><\/div><\/div><\/div><\/div><div class=\"vc_empty_space  arg-spacer\"   style=\"height: 100px\"><span class=\"vc_empty_space_inner\"><\/span><\/div><\/div><\/div><\/div><\/div><div class=\"vc_row-full-width vc_clearfix\"><\/div><div data-vc-full-width=\"true\" data-vc-full-width-init=\"false\" data-vc-stretch-content=\"true\" class=\"vc_row wpb_row vc_row-fluid vc_row-no-padding vc_row-o-equal-height vc_row-flex\"><div class=\"phone-empty-block wpb_column vc_column_container vc_col-sm-6 vc_col-has-fill\"><div class=\"vc_column-inner vc_custom_1688462248384\"><div class=\"wpb_wrapper\"><div class=\"vc_empty_space  arg-spacer\"   style=\"height: 100px\"><span class=\"vc_empty_space_inner\"><\/span><\/div><div class=\"vc_row wpb_row vc_inner vc_row-fluid vc_custom_1686139316548 vc_row-has-fill\"><div class=\"wpb_column vc_column_container vc_col-sm-12\"><div class=\"vc_column-inner vc_custom_1481100363017\"><div class=\"wpb_wrapper\"><div id=\"argenta-custom-69e778e37a02f\"  class=\"heading-wrapper text-left\"  >\n\t\t\t<p class=\"subtitle\">Open Wednesday to Sunday<\/p>\n\t\n\t<h3 class=\"second-title text-left\">WHERE ARE WE?<\/h3>\n\n\t\n\t\t<div class=\"divider-solid\"><div class=\"divider-line\"><\/div><\/div>\t\n\t<\/div>\t\n\n<div class=\"vc_empty_space\"   style=\"height: 20px\"><span class=\"vc_empty_space_inner\"><\/span><\/div><div class=\"button_wrapper\"  >\n\t\n\t<a href=\"https:\/\/maniguacasadecomidas.com\/en\/donde-estamos\/\" target=\"_blank\" class=\"btn btn-outline full-width\">\n\t\t\t\t<span class=\"text\">VIEW MAP<\/span>\n\t\t\t<\/a>\n\t\n<\/div>\n\n<div class=\"vc_empty_space\"   style=\"height: 20px\"><span class=\"vc_empty_space_inner\"><\/span><\/div>\t<ul class=\"list-box-icon contact-module list-box-border-items-offset\">\n\t\n\t\t<li id=\"argenta-custom-69e778e37a9d8\">\n\n\t<span class=\"icon my-icon-loc-point\"><\/span>\n\t\t<h4 class=\"title\">ADDRESS<\/h4>\n\t\t<address>Calle Laurel de San Mat\u00edas 1<br \/>\n18009 Granada<\/address>\t\n\n<\/li>\n\n<li id=\"argenta-custom-69e778e37ab43\">\n\n\t<span class=\"icon my-icon-tel-fixed-handset\"><\/span>\n\t\t<h4 class=\"title\">PHONE<\/h4>\n\t\t<address>+34 958 062 500<br \/>\n+34 699 140 687<\/address>\t\n\n<\/li>\n\n\n\t<\/ul><\/div><\/div><\/div><\/div><div class=\"vc_empty_space  arg-spacer\"   style=\"height: 100px\"><span class=\"vc_empty_space_inner\"><\/span><\/div><\/div><\/div><\/div><div class=\"wpb_column vc_column_container vc_col-sm-6 vc_col-has-fill\"><div class=\"vc_column-inner vc_custom_1688461842554\"><div class=\"wpb_wrapper\"><div class=\"vc_empty_space  arg-spacer\"   style=\"height: 100px\"><span class=\"vc_empty_space_inner\"><\/span><\/div><div class=\"vc_row wpb_row vc_inner vc_row-fluid vc_custom_1686139158628\"><div class=\"wpb_column vc_column_container vc_col-sm-12\"><div class=\"vc_column-inner vc_custom_1481114101962\"><div class=\"wpb_wrapper\"><div id=\"argenta-custom-69e778e37bcb5\"  >\n\t<p style=\"text-align: right;\"><span style=\"color: #000000;\">JUNGLE INVITES TO FILL THE STOMACH<\/span><br class=\"vc_hidden-xs\" \/><span style=\"color: #b26d1e;\"> NOT ONLY DELIGHTS<\/span><br class=\"vc_hidden-xs\" \/><span style=\"color: #000000;\"> BUT ALSO OF MEMORIES<\/span><\/p>\n<\/div>\n\n<div class=\"vc_empty_space\"   style=\"height: 12px\"><span class=\"vc_empty_space_inner\"><\/span><\/div><div class=\"vc_empty_space\"   style=\"height: 12px\"><span class=\"vc_empty_space_inner\"><\/span><\/div><div class=\"button_wrapper\"  >\n\t\n\t<a href=\"https:\/\/maniguacasadecomidas.com\/en\/historia\/\" class=\"btn btn-outline full-width\">\n\t\t\t\t<span class=\"text\">KNOW US MORE<\/span>\n\t\t\t<\/a>\n\t\n<\/div>\n\n<\/div><\/div><\/div><\/div><div class=\"vc_empty_space  arg-spacer\"   style=\"height: 100px\"><span class=\"vc_empty_space_inner\"><\/span><\/div><\/div><\/div><\/div><\/div><div class=\"vc_row-full-width vc_clearfix\"><\/div>","protected":false},"excerpt":{"rendered":"EN MANIGUA SE COCINA DESDE EL CORAZ\u00d3N, PORQUE SOLO AS\u00cd SE LLEGA AL CORAZ\u00d3N DEL COMENSAL En Manigua apostamos por productos de temporada y locales, de la mejor calidad. Reinterpretando el recetario granadino con respeto, con los ojos abiertos, pero tambi\u00e9n con la mente abierta. NUESTRA CARTA Abierto de Mi\u00e9rcoles a Domingo RESERVAS ONLINE RESERVAR [...]","protected":false},"author":1,"featured_media":0,"parent":0,"menu_order":0,"comment_status":"closed","ping_status":"closed","template":"page-templates\/page_without-sidebar.php","meta":{"_uf_show_specific_survey":0,"_uf_disable_surveys":false,"footnotes":""},"class_list":["post-5062","page","type-page","status-publish","hentry"],"acf":[],"yoast_head":"<!-- This site is optimized with the Yoast SEO Premium plugin v20.11 (Yoast SEO v26.7) - https:\/\/yoast.com\/wordpress\/plugins\/seo\/ -->\n<title>Manigua Casa de Comidas - Restaurante en Granada Centro<\/title>\n<meta name=\"description\" content=\"Manigua apuesta por productos de temporada y locales, de la mejor calidad. Reinterpretando el recetario granadino con respeto. \u00a1Vis\u00edtanos!\" \/>\n<meta name=\"robots\" content=\"index, follow, max-snippet:-1, max-image-preview:large, max-video-preview:-1\" \/>\n<link rel=\"canonical\" href=\"https:\/\/maniguacasadecomidas.com\/en\/\" \/>\n<meta property=\"og:locale\" content=\"en_GB\" \/>\n<meta property=\"og:type\" content=\"article\" \/>\n<meta property=\"og:title\" content=\"Inicio\" \/>\n<meta property=\"og:description\" content=\"Manigua apuesta por productos de temporada y locales, de la mejor calidad. Reinterpretando el recetario granadino con respeto. \u00a1Vis\u00edtanos!\" \/>\n<meta property=\"og:url\" content=\"https:\/\/maniguacasadecomidas.com\/en\/\" \/>\n<meta property=\"og:site_name\" content=\"Manigua Casa de Comidas\" \/>\n<meta property=\"article:modified_time\" content=\"2025-02-26T20:41:05+00:00\" \/>\n<meta name=\"twitter:card\" content=\"summary_large_image\" \/>\n<meta name=\"twitter:label1\" content=\"Estimated reading time\" \/>\n\t<meta name=\"twitter:data1\" content=\"7 minutes\" \/>\n<script type=\"application\/ld+json\" class=\"yoast-schema-graph\">{\"@context\":\"https:\/\/schema.org\",\"@graph\":[{\"@type\":\"WebPage\",\"@id\":\"https:\/\/maniguacasadecomidas.com\/\",\"url\":\"https:\/\/maniguacasadecomidas.com\/\",\"name\":\"Manigua Casa de Comidas - Restaurante en Granada Centro\",\"isPartOf\":{\"@id\":\"https:\/\/maniguacasadecomidas.com\/#website\"},\"datePublished\":\"2016-12-05T08:19:01+00:00\",\"dateModified\":\"2025-02-26T20:41:05+00:00\",\"description\":\"Manigua apuesta por productos de temporada y locales, de la mejor calidad. Reinterpretando el recetario granadino con respeto. \u00a1Vis\u00edtanos!\",\"breadcrumb\":{\"@id\":\"https:\/\/maniguacasadecomidas.com\/#breadcrumb\"},\"inLanguage\":\"en-GB\",\"potentialAction\":[{\"@type\":\"ReadAction\",\"target\":[\"https:\/\/maniguacasadecomidas.com\/\"]}]},{\"@type\":\"BreadcrumbList\",\"@id\":\"https:\/\/maniguacasadecomidas.com\/#breadcrumb\",\"itemListElement\":[{\"@type\":\"ListItem\",\"position\":1,\"name\":\"Portada\",\"item\":\"https:\/\/maniguacasadecomidas.com\/\"},{\"@type\":\"ListItem\",\"position\":2,\"name\":\"Inicio\"}]},{\"@type\":\"WebSite\",\"@id\":\"https:\/\/maniguacasadecomidas.com\/#website\",\"url\":\"https:\/\/maniguacasadecomidas.com\/\",\"name\":\"Manigua Casa de Comidas\",\"description\":\"Restaurate y Gastronom\u00eda en Granada\",\"potentialAction\":[{\"@type\":\"SearchAction\",\"target\":{\"@type\":\"EntryPoint\",\"urlTemplate\":\"https:\/\/maniguacasadecomidas.com\/?s={search_term_string}\"},\"query-input\":{\"@type\":\"PropertyValueSpecification\",\"valueRequired\":true,\"valueName\":\"search_term_string\"}}],\"inLanguage\":\"en-GB\"}]}<\/script>\n<!-- \/ Yoast SEO Premium plugin. -->","yoast_head_json":{"title":"Manigua Casa de Comidas - Restaurante en Granada Centro","description":"Manigua apuesta por productos de temporada y locales, de la mejor calidad. Reinterpretando el recetario granadino con respeto. \u00a1Vis\u00edtanos!","robots":{"index":"index","follow":"follow","max-snippet":"max-snippet:-1","max-image-preview":"max-image-preview:large","max-video-preview":"max-video-preview:-1"},"canonical":"https:\/\/maniguacasadecomidas.com\/en\/","og_locale":"en_GB","og_type":"article","og_title":"Inicio","og_description":"Manigua apuesta por productos de temporada y locales, de la mejor calidad. Reinterpretando el recetario granadino con respeto. \u00a1Vis\u00edtanos!","og_url":"https:\/\/maniguacasadecomidas.com\/en\/","og_site_name":"Manigua Casa de Comidas","article_modified_time":"2025-02-26T20:41:05+00:00","twitter_card":"summary_large_image","twitter_misc":{"Estimated reading time":"7 minutes"},"schema":{"@context":"https:\/\/schema.org","@graph":[{"@type":"WebPage","@id":"https:\/\/maniguacasadecomidas.com\/","url":"https:\/\/maniguacasadecomidas.com\/","name":"Manigua Casa de Comidas - Restaurante en Granada Centro","isPartOf":{"@id":"https:\/\/maniguacasadecomidas.com\/#website"},"datePublished":"2016-12-05T08:19:01+00:00","dateModified":"2025-02-26T20:41:05+00:00","description":"Manigua apuesta por productos de temporada y locales, de la mejor calidad. Reinterpretando el recetario granadino con respeto. \u00a1Vis\u00edtanos!","breadcrumb":{"@id":"https:\/\/maniguacasadecomidas.com\/#breadcrumb"},"inLanguage":"en-GB","potentialAction":[{"@type":"ReadAction","target":["https:\/\/maniguacasadecomidas.com\/"]}]},{"@type":"BreadcrumbList","@id":"https:\/\/maniguacasadecomidas.com\/#breadcrumb","itemListElement":[{"@type":"ListItem","position":1,"name":"Portada","item":"https:\/\/maniguacasadecomidas.com\/"},{"@type":"ListItem","position":2,"name":"Inicio"}]},{"@type":"WebSite","@id":"https:\/\/maniguacasadecomidas.com\/#website","url":"https:\/\/maniguacasadecomidas.com\/","name":"Jungle House Meals","description":"Restaurate y Gastronom\u00eda en Granada","potentialAction":[{"@type":"SearchAction","target":{"@type":"EntryPoint","urlTemplate":"https:\/\/maniguacasadecomidas.com\/?s={search_term_string}"},"query-input":{"@type":"PropertyValueSpecification","valueRequired":true,"valueName":"search_term_string"}}],"inLanguage":"en-GB"}]}},"_links":{"self":[{"href":"https:\/\/maniguacasadecomidas.com\/en\/wp-json\/wp\/v2\/pages\/5062","targetHints":{"allow":["GET"]}}],"collection":[{"href":"https:\/\/maniguacasadecomidas.com\/en\/wp-json\/wp\/v2\/pages"}],"about":[{"href":"https:\/\/maniguacasadecomidas.com\/en\/wp-json\/wp\/v2\/types\/page"}],"author":[{"embeddable":true,"href":"https:\/\/maniguacasadecomidas.com\/en\/wp-json\/wp\/v2\/users\/1"}],"replies":[{"embeddable":true,"href":"https:\/\/maniguacasadecomidas.com\/en\/wp-json\/wp\/v2\/comments?post=5062"}],"version-history":[{"count":81,"href":"https:\/\/maniguacasadecomidas.com\/en\/wp-json\/wp\/v2\/pages\/5062\/revisions"}],"predecessor-version":[{"id":6218,"href":"https:\/\/maniguacasadecomidas.com\/en\/wp-json\/wp\/v2\/pages\/5062\/revisions\/6218"}],"wp:attachment":[{"href":"https:\/\/maniguacasadecomidas.com\/en\/wp-json\/wp\/v2\/media?parent=5062"}],"curies":[{"name":"wp","href":"https:\/\/api.w.org\/{rel}","templated":true}]}}