{"id":5550,"date":"2017-03-17T10:53:41","date_gmt":"2017-03-17T10:53:41","guid":{"rendered":"https:\/\/argenta.clbthemes.com\/demo_13\/?page_id=5550"},"modified":"2023-07-04T11:43:28","modified_gmt":"2023-07-04T11:43:28","slug":"donde-estamos","status":"publish","type":"page","link":"https:\/\/maniguacasadecomidas.com\/en\/donde-estamos\/","title":{"rendered":"Where we are"},"content":{"rendered":"<div data-vc-full-width=\"true\" data-vc-full-width-init=\"false\" data-vc-stretch-content=\"true\" class=\"vc_row wpb_row vc_row-fluid vc_row-no-padding\"><div class=\"wpb_column vc_column_container vc_col-sm-12\"><div class=\"vc_column-inner\"><div class=\"wpb_wrapper\">\n\t\t\t<!-- START Historia slider REVOLUTION SLIDER 6.6.13 --><p class=\"rs-p-wp-fix\"><\/p>\n\t\t\t<rs-module-wrap id=\"rev_slider_2_1_wrapper\" data-source=\"gallery\" style=\"visibility:hidden;background:#ffffff;padding:0;margin:0px auto;margin-top:0;margin-bottom:0;\">\n\t\t\t\t<rs-module id=\"rev_slider_2_1\" style=\"\" data-version=\"6.6.13\">\n\t\t\t\t\t<rs-slides style=\"overflow: hidden; position: absolute;\">\n\t\t\t\t\t\t<rs-slide style=\"position: absolute;\" data-key=\"rs-2\" data-title=\"01\" data-in=\"o:1;x:-100%;\" data-out=\"x:60%;\">\n\t\t\t\t\t\t\t<img decoding=\"async\" src=\"\/\/maniguacasadecomidas.com\/wp-content\/plugins\/slider-revolution\/public\/assets\/assets\/dummy.png\" alt=\"\" title=\"slider cabeceras manigua historia\" width=\"1360\" height=\"550\" class=\"rev-slidebg tp-rs-img rs-lazyload\" data-lazyload=\"\/\/maniguacasadecomidas.com\/wp-content\/uploads\/2023\/07\/slider-cabeceras-manigua-historia.jpg\" data-parallax=\"off\" data-no-retina>\n<!--\n\t\t\t\t\t\t\t--><rs-layer\n\t\t\t\t\t\t\t\tid=\"slider-2-slide-2-layer-3\" \n\t\t\t\t\t\t\t\tdata-type=\"text\"\n\t\t\t\t\t\t\t\tdata-color=\"#ffffff||#000000||#000000||#ffffff\"\n\t\t\t\t\t\t\t\tdata-rsp_ch=\"on\"\n\t\t\t\t\t\t\t\tdata-xy=\"x:c;xo:-265px,0,0,0;y:t,t,t,m;yo:218px,110px,90px,-56px;\"\n\t\t\t\t\t\t\t\tdata-text=\"s:70,50,40,38;l:60,50,44,40;ls:1px,1px,1px,0px;fw:300;a:left,inherit,inherit,inherit;\"\n\t\t\t\t\t\t\t\tdata-frame_0=\"y:50px;\"\n\t\t\t\t\t\t\t\tdata-frame_1=\"e:expo.inOut;st:1000;sp:1500;sR:2000;\"\n\t\t\t\t\t\t\t\tdata-frame_999=\"y:50px;o:0;e:expo.inOut;st:w;sp:1000;sR:5500;\"\n\t\t\t\t\t\t\t\tstyle=\"z-index:11;font-family:'Montserrat';\"\n\t\t\t\t\t\t\t>FROM <strong>THE HEART<\/strong> \n\t\t\t\t\t\t\t<\/rs-layer><!--\n\n\t\t\t\t\t\t\t--><rs-layer\n\t\t\t\t\t\t\t\tid=\"slider-2-slide-2-layer-7\" \n\t\t\t\t\t\t\t\tdata-type=\"text\"\n\t\t\t\t\t\t\t\tdata-color=\"#ffffff||#000000||#000000||#ffffff\"\n\t\t\t\t\t\t\t\tdata-rsp_ch=\"on\"\n\t\t\t\t\t\t\t\tdata-xy=\"x:c;xo:-328px,0,0,0;y:t,t,t,m;yo:273px,110px,90px,-11px;\"\n\t\t\t\t\t\t\t\tdata-text=\"s:32,50,40,22;l:60,50,44,40;ls:1px,1px,1px,0px;fw:500,300,300,400;a:left,inherit,inherit,center;\"\n\t\t\t\t\t\t\t\tdata-dim=\"w:auto,auto,auto,725px;\"\n\t\t\t\t\t\t\t\tdata-frame_0=\"y:50px;\"\n\t\t\t\t\t\t\t\tdata-frame_1=\"e:expo.inOut;st:2000;sp:1500;sR:2000;\"\n\t\t\t\t\t\t\t\tdata-frame_999=\"y:50px;o:0;e:expo.inOut;st:w;sp:1000;sR:5500;\"\n\t\t\t\t\t\t\t\tstyle=\"z-index:11;font-family:'Montserrat';\"\n\t\t\t\t\t\t\t>A labyrinth of alleyways and flavors \n\t\t\t\t\t\t\t<\/rs-layer><!--\n-->\t\t\t\t\t\t<\/rs-slide>\n\t\t\t\t\t<\/rs-slides>\n\t\t\t\t\t<rs-static-layers class=\"rs-stl-visible\"><!--\n\t\t\t\t\t--><\/rs-static-layers>\n\t\t\t\t<\/rs-module>\n\t\t\t\t<script>\n\t\t\t\t\tsetREVStartSize({c: 'rev_slider_2_1',rl:[1240,1024,778,480],el:[550,600,500,650],gw:[1360,1024,778,480],gh:[550,600,500,650],type:'standard',justify:'',layout:'fullwidth',mh:\"0\"});if (window.RS_MODULES!==undefined && window.RS_MODULES.modules!==undefined && window.RS_MODULES.modules[\"revslider21\"]!==undefined) {window.RS_MODULES.modules[\"revslider21\"].once = false;window.revapi2 = undefined;if (window.RS_MODULES.checkMinimal!==undefined) window.RS_MODULES.checkMinimal()}\n\t\t\t\t<\/script>\n\t\t\t<\/rs-module-wrap>\n\t\t\t<!-- END REVOLUTION SLIDER -->\n<\/div><\/div><\/div><\/div><div class=\"vc_row-full-width vc_clearfix\"><\/div><div data-vc-full-width=\"true\" data-vc-full-width-init=\"false\" data-vc-stretch-content=\"true\" class=\"vc_row wpb_row vc_row-fluid vc_row-no-padding\"><div class=\"wpb_column vc_column_container vc_col-sm-12\"><div class=\"vc_column-inner\"><div class=\"wpb_wrapper\"><div class=\"split-box full-vh\" id=\"argenta-custom-6a0984c444f67\" \n\t\t\t\t>\n\t\t<div class=\"vc_col-md-6 split-box-wrap\">\n\t\t<div class=\"parallax-bg\"><\/div>\n\t\t<div class=\"content\">\n\t\t\t<div class=\"vc_row wpb_row vc_inner vc_row-fluid text-center vc_custom_1498562547658\"><div class=\"wpb_column vc_column_container vc_col-sm-12\"><div class=\"vc_column-inner vc_custom_1684350014226\"><div class=\"wpb_wrapper\"><div id=\"argenta-custom-6a0984c446256\"  class=\"heading-wrapper text-center\"  >\n\t\t\t<p class=\"subtitle\">Jungle House Meals<\/p>\n\t\n\t<h3 class=\"second-title text-center\">Contacto<\/h3>\n\n\t\n\t\n\t<\/div>\t\n\n<div class=\"vc_empty_space\"   style=\"height: 15px\"><span class=\"vc_empty_space_inner\"><\/span><\/div><div id=\"argenta-custom-6a0984c4468fe\"  class=\"heading-wrapper text-center\"  >\n\t\t\t<p class=\"subtitle\">Direcci\u00f3n<\/p>\n\t\n\t<h3 class=\"second-title text-center\">Calle Laurel de San Mat\u00edas 1 - 18009 Granada<\/h3>\n\n\t\n\t\n\t<\/div>\t\n\n<div class=\"vc_empty_space\"   style=\"height: 20px\"><span class=\"vc_empty_space_inner\"><\/span><\/div><div id=\"argenta-custom-6a0984c446cb3\"  class=\"heading-wrapper text-center\"  >\n\t\t\t<p class=\"subtitle\">Tel\u00e9fono<\/p>\n\t\n\t<h3 class=\"second-title text-center\">958 062 500 \/\/ 699 140 687<\/h3>\n\n\t\n\t\n\t<\/div>\t\n\n<div class=\"vc_empty_space\"   style=\"height: 50px\"><span class=\"vc_empty_space_inner\"><\/span><\/div><div class=\"socialbar social-column-2\" id=\"argenta-custom-6a0984c447037\"  >\n\n\t\t<a href=\" https:\/\/www.facebook.com\/maniguacasadecomidas\/\" target=\"_blank\" class=\"social facebook rounded custom-link flat\">\n\t\t<span class=\"social-icon ion-social-facebook\"><\/span>\n\t\t\t<\/a>\n\t\n\t\n\t\n\t\t<a href=\" https:\/\/www.instagram.com\/maniguacasadecomidas\/\" class=\"social instagram rounded custom-link flat\">\n\t\t<span class=\"social-icon ion-social-instagram-outline\"><\/span>\n\t\t\t<\/a>\n\t\n\t\n\t\n\t\n\t\n<\/div>\n\n<\/div><\/div><\/div><\/div>\t\t<\/div>\n\t<\/div>\t<div class=\"vc_col-md-6 split-box-wrap\">\n\t\t<div class=\"parallax-bg\"><\/div>\n\t\t<div class=\"content\">\n\t\t\t<div class=\"wpb_gmaps_widget wpb_content_element\"><div class=\"wpb_wrapper\"><div class=\"wpb_map_wraper\"><iframe src=\"https:\/\/www.google.com\/maps\/embed?pb=!1m18!1m12!1m3!1d3179.0838522768754!2d-3.599416084699531!3d37.17447817987316!2m3!1f0!2f0!3f0!3m2!1i1024!2i768!4f13.1!3m3!1m2!1s0xd71fcbeb8e2e8cb%3A0x30c9ea8fc5137939!2sManigua%20Casa%20de%20Comidas!5e0!3m2!1ses!2ses!4v1684349864721!5m2!1ses!2ses\" width=\"960\" height=\"1000\" style=\"border:0;\" allowfullscreen=\"\" loading=\"lazy\" referrerpolicy=\"no-referrer-when-downgrade\"><\/iframe><\/div><\/div><\/div>\t\t<\/div>\n\t<\/div>\t\n<\/div>\n\n<\/div><\/div><\/div><\/div><div class=\"vc_row-full-width vc_clearfix\"><\/div>","protected":false},"excerpt":{"rendered":"DESDE EL CORAZ\u00d3N Un laberinto de callejuelas y sabores Manigua Casa de Comidas Contacto Direcci\u00f3n Calle Laurel de San Mat\u00edas 1 - 18009 Granada Tel\u00e9fono 958 062 500 \/\/ 699 140 687","protected":false},"author":1,"featured_media":0,"parent":0,"menu_order":0,"comment_status":"closed","ping_status":"closed","template":"page-templates\/page_without-sidebar.php","meta":{"_uf_show_specific_survey":0,"_uf_disable_surveys":false,"footnotes":""},"class_list":["post-5550","page","type-page","status-publish","hentry"],"acf":[],"yoast_head":"<!-- This site is optimized with the Yoast SEO Premium plugin v20.11 (Yoast SEO v26.7) - https:\/\/yoast.com\/wordpress\/plugins\/seo\/ -->\n<title>D\u00f3nde estamos - Manigua Casa de Comidas<\/title>\n<meta name=\"description\" content=\"Centro de Granada - Manigua se encuentra ubicado en Calle Laurel de San Mat\u00edas 1 - 18009 Granada, Tel\u00e9fonos 958 062 500 \/\/ 699 140 687\" \/>\n<meta name=\"robots\" content=\"index, follow, max-snippet:-1, max-image-preview:large, max-video-preview:-1\" \/>\n<link rel=\"canonical\" href=\"https:\/\/maniguacasadecomidas.com\/en\/donde-estamos\/\" \/>\n<meta property=\"og:locale\" content=\"en_GB\" \/>\n<meta property=\"og:type\" content=\"article\" \/>\n<meta property=\"og:title\" content=\"D\u00f3nde estamos\" \/>\n<meta property=\"og:description\" content=\"Centro de Granada - Manigua se encuentra ubicado en Calle Laurel de San Mat\u00edas 1 - 18009 Granada, Tel\u00e9fonos 958 062 500 \/\/ 699 140 687\" \/>\n<meta property=\"og:url\" content=\"https:\/\/maniguacasadecomidas.com\/en\/donde-estamos\/\" \/>\n<meta property=\"og:site_name\" content=\"Manigua Casa de Comidas\" \/>\n<meta property=\"article:modified_time\" content=\"2023-07-04T11:43:28+00:00\" \/>\n<meta name=\"twitter:card\" content=\"summary_large_image\" \/>\n<meta name=\"twitter:label1\" content=\"Estimated reading time\" \/>\n\t<meta name=\"twitter:data1\" content=\"1 minute\" \/>\n<script type=\"application\/ld+json\" class=\"yoast-schema-graph\">{\"@context\":\"https:\/\/schema.org\",\"@graph\":[{\"@type\":\"WebPage\",\"@id\":\"https:\/\/maniguacasadecomidas.com\/donde-estamos\/\",\"url\":\"https:\/\/maniguacasadecomidas.com\/donde-estamos\/\",\"name\":\"D\u00f3nde estamos - Manigua Casa de Comidas\",\"isPartOf\":{\"@id\":\"https:\/\/maniguacasadecomidas.com\/#website\"},\"datePublished\":\"2017-03-17T10:53:41+00:00\",\"dateModified\":\"2023-07-04T11:43:28+00:00\",\"description\":\"Centro de Granada - Manigua se encuentra ubicado en Calle Laurel de San Mat\u00edas 1 - 18009 Granada, Tel\u00e9fonos 958 062 500 \/\/ 699 140 687\",\"breadcrumb\":{\"@id\":\"https:\/\/maniguacasadecomidas.com\/donde-estamos\/#breadcrumb\"},\"inLanguage\":\"en-GB\",\"potentialAction\":[{\"@type\":\"ReadAction\",\"target\":[\"https:\/\/maniguacasadecomidas.com\/donde-estamos\/\"]}]},{\"@type\":\"BreadcrumbList\",\"@id\":\"https:\/\/maniguacasadecomidas.com\/donde-estamos\/#breadcrumb\",\"itemListElement\":[{\"@type\":\"ListItem\",\"position\":1,\"name\":\"Portada\",\"item\":\"https:\/\/maniguacasadecomidas.com\/\"},{\"@type\":\"ListItem\",\"position\":2,\"name\":\"D\u00f3nde estamos\"}]},{\"@type\":\"WebSite\",\"@id\":\"https:\/\/maniguacasadecomidas.com\/#website\",\"url\":\"https:\/\/maniguacasadecomidas.com\/\",\"name\":\"Manigua Casa de Comidas\",\"description\":\"Restaurate y Gastronom\u00eda en Granada\",\"potentialAction\":[{\"@type\":\"SearchAction\",\"target\":{\"@type\":\"EntryPoint\",\"urlTemplate\":\"https:\/\/maniguacasadecomidas.com\/?s={search_term_string}\"},\"query-input\":{\"@type\":\"PropertyValueSpecification\",\"valueRequired\":true,\"valueName\":\"search_term_string\"}}],\"inLanguage\":\"en-GB\"}]}<\/script>\n<!-- \/ Yoast SEO Premium plugin. -->","yoast_head_json":{"title":"D\u00f3nde estamos - Manigua Casa de Comidas","description":"Centro de Granada - Manigua se encuentra ubicado en Calle Laurel de San Mat\u00edas 1 - 18009 Granada, Tel\u00e9fonos 958 062 500 \/\/ 699 140 687","robots":{"index":"index","follow":"follow","max-snippet":"max-snippet:-1","max-image-preview":"max-image-preview:large","max-video-preview":"max-video-preview:-1"},"canonical":"https:\/\/maniguacasadecomidas.com\/en\/donde-estamos\/","og_locale":"en_GB","og_type":"article","og_title":"D\u00f3nde estamos","og_description":"Centro de Granada - Manigua se encuentra ubicado en Calle Laurel de San Mat\u00edas 1 - 18009 Granada, Tel\u00e9fonos 958 062 500 \/\/ 699 140 687","og_url":"https:\/\/maniguacasadecomidas.com\/en\/donde-estamos\/","og_site_name":"Manigua Casa de Comidas","article_modified_time":"2023-07-04T11:43:28+00:00","twitter_card":"summary_large_image","twitter_misc":{"Estimated reading time":"1 minute"},"schema":{"@context":"https:\/\/schema.org","@graph":[{"@type":"WebPage","@id":"https:\/\/maniguacasadecomidas.com\/donde-estamos\/","url":"https:\/\/maniguacasadecomidas.com\/donde-estamos\/","name":"D\u00f3nde estamos - Manigua Casa de Comidas","isPartOf":{"@id":"https:\/\/maniguacasadecomidas.com\/#website"},"datePublished":"2017-03-17T10:53:41+00:00","dateModified":"2023-07-04T11:43:28+00:00","description":"Centro de Granada - Manigua se encuentra ubicado en Calle Laurel de San Mat\u00edas 1 - 18009 Granada, Tel\u00e9fonos 958 062 500 \/\/ 699 140 687","breadcrumb":{"@id":"https:\/\/maniguacasadecomidas.com\/donde-estamos\/#breadcrumb"},"inLanguage":"en-GB","potentialAction":[{"@type":"ReadAction","target":["https:\/\/maniguacasadecomidas.com\/donde-estamos\/"]}]},{"@type":"BreadcrumbList","@id":"https:\/\/maniguacasadecomidas.com\/donde-estamos\/#breadcrumb","itemListElement":[{"@type":"ListItem","position":1,"name":"Portada","item":"https:\/\/maniguacasadecomidas.com\/"},{"@type":"ListItem","position":2,"name":"D\u00f3nde estamos"}]},{"@type":"WebSite","@id":"https:\/\/maniguacasadecomidas.com\/#website","url":"https:\/\/maniguacasadecomidas.com\/","name":"Jungle House Meals","description":"Restaurate y Gastronom\u00eda en Granada","potentialAction":[{"@type":"SearchAction","target":{"@type":"EntryPoint","urlTemplate":"https:\/\/maniguacasadecomidas.com\/?s={search_term_string}"},"query-input":{"@type":"PropertyValueSpecification","valueRequired":true,"valueName":"search_term_string"}}],"inLanguage":"en-GB"}]}},"_links":{"self":[{"href":"https:\/\/maniguacasadecomidas.com\/en\/wp-json\/wp\/v2\/pages\/5550","targetHints":{"allow":["GET"]}}],"collection":[{"href":"https:\/\/maniguacasadecomidas.com\/en\/wp-json\/wp\/v2\/pages"}],"about":[{"href":"https:\/\/maniguacasadecomidas.com\/en\/wp-json\/wp\/v2\/types\/page"}],"author":[{"embeddable":true,"href":"https:\/\/maniguacasadecomidas.com\/en\/wp-json\/wp\/v2\/users\/1"}],"replies":[{"embeddable":true,"href":"https:\/\/maniguacasadecomidas.com\/en\/wp-json\/wp\/v2\/comments?post=5550"}],"version-history":[{"count":19,"href":"https:\/\/maniguacasadecomidas.com\/en\/wp-json\/wp\/v2\/pages\/5550\/revisions"}],"predecessor-version":[{"id":6101,"href":"https:\/\/maniguacasadecomidas.com\/en\/wp-json\/wp\/v2\/pages\/5550\/revisions\/6101"}],"wp:attachment":[{"href":"https:\/\/maniguacasadecomidas.com\/en\/wp-json\/wp\/v2\/media?parent=5550"}],"curies":[{"name":"wp","href":"https:\/\/api.w.org\/{rel}","templated":true}]}}