{"id":5605,"date":"2017-03-20T09:23:14","date_gmt":"2017-03-20T09:23:14","guid":{"rendered":"https:\/\/argenta.clbthemes.com\/demo_13\/?page_id=5605"},"modified":"2025-02-26T20:45:24","modified_gmt":"2025-02-26T20:45:24","slug":"historia","status":"publish","type":"page","link":"https:\/\/maniguacasadecomidas.com\/en\/historia\/","title":{"rendered":"History"},"content":{"rendered":"<div data-vc-full-width=\"true\" data-vc-full-width-init=\"false\" data-vc-stretch-content=\"true\" class=\"vc_row wpb_row vc_row-fluid vc_row-no-padding\"><div class=\"wpb_column vc_column_container vc_col-sm-12\"><div class=\"vc_column-inner\"><div class=\"wpb_wrapper\">\n\t\t\t<!-- START Historia slider REVOLUTION SLIDER 6.6.13 --><p class=\"rs-p-wp-fix\"><\/p>\n\t\t\t<rs-module-wrap id=\"rev_slider_2_1_wrapper\" data-source=\"gallery\" style=\"visibility:hidden;background:#ffffff;padding:0;margin:0px auto;margin-top:0;margin-bottom:0;\">\n\t\t\t\t<rs-module id=\"rev_slider_2_1\" style=\"\" data-version=\"6.6.13\">\n\t\t\t\t\t<rs-slides style=\"overflow: hidden; position: absolute;\">\n\t\t\t\t\t\t<rs-slide style=\"position: absolute;\" data-key=\"rs-2\" data-title=\"01\" data-in=\"o:1;x:-100%;\" data-out=\"x:60%;\">\n\t\t\t\t\t\t\t<img decoding=\"async\" src=\"\/\/maniguacasadecomidas.com\/wp-content\/plugins\/slider-revolution\/public\/assets\/assets\/dummy.png\" alt=\"\" title=\"slider cabeceras manigua historia\" width=\"1360\" height=\"550\" class=\"rev-slidebg tp-rs-img rs-lazyload\" data-lazyload=\"\/\/maniguacasadecomidas.com\/wp-content\/uploads\/2023\/07\/slider-cabeceras-manigua-historia.jpg\" data-parallax=\"off\" data-no-retina>\n<!--\n\t\t\t\t\t\t\t--><rs-layer\n\t\t\t\t\t\t\t\tid=\"slider-2-slide-2-layer-3\" \n\t\t\t\t\t\t\t\tdata-type=\"text\"\n\t\t\t\t\t\t\t\tdata-color=\"#ffffff||#000000||#000000||#ffffff\"\n\t\t\t\t\t\t\t\tdata-rsp_ch=\"on\"\n\t\t\t\t\t\t\t\tdata-xy=\"x:c;xo:-265px,0,0,0;y:t,t,t,m;yo:218px,110px,90px,-56px;\"\n\t\t\t\t\t\t\t\tdata-text=\"s:70,50,40,38;l:60,50,44,40;ls:1px,1px,1px,0px;fw:300;a:left,inherit,inherit,inherit;\"\n\t\t\t\t\t\t\t\tdata-frame_0=\"y:50px;\"\n\t\t\t\t\t\t\t\tdata-frame_1=\"e:expo.inOut;st:1000;sp:1500;sR:2000;\"\n\t\t\t\t\t\t\t\tdata-frame_999=\"y:50px;o:0;e:expo.inOut;st:w;sp:1000;sR:5500;\"\n\t\t\t\t\t\t\t\tstyle=\"z-index:11;font-family:'Montserrat';\"\n\t\t\t\t\t\t\t>FROM <strong>THE HEART<\/strong> \n\t\t\t\t\t\t\t<\/rs-layer><!--\n\n\t\t\t\t\t\t\t--><rs-layer\n\t\t\t\t\t\t\t\tid=\"slider-2-slide-2-layer-7\" \n\t\t\t\t\t\t\t\tdata-type=\"text\"\n\t\t\t\t\t\t\t\tdata-color=\"#ffffff||#000000||#000000||#ffffff\"\n\t\t\t\t\t\t\t\tdata-rsp_ch=\"on\"\n\t\t\t\t\t\t\t\tdata-xy=\"x:c;xo:-328px,0,0,0;y:t,t,t,m;yo:273px,110px,90px,-11px;\"\n\t\t\t\t\t\t\t\tdata-text=\"s:32,50,40,22;l:60,50,44,40;ls:1px,1px,1px,0px;fw:500,300,300,400;a:left,inherit,inherit,center;\"\n\t\t\t\t\t\t\t\tdata-dim=\"w:auto,auto,auto,725px;\"\n\t\t\t\t\t\t\t\tdata-frame_0=\"y:50px;\"\n\t\t\t\t\t\t\t\tdata-frame_1=\"e:expo.inOut;st:2000;sp:1500;sR:2000;\"\n\t\t\t\t\t\t\t\tdata-frame_999=\"y:50px;o:0;e:expo.inOut;st:w;sp:1000;sR:5500;\"\n\t\t\t\t\t\t\t\tstyle=\"z-index:11;font-family:'Montserrat';\"\n\t\t\t\t\t\t\t>A labyrinth of alleyways and flavors \n\t\t\t\t\t\t\t<\/rs-layer><!--\n-->\t\t\t\t\t\t<\/rs-slide>\n\t\t\t\t\t<\/rs-slides>\n\t\t\t\t\t<rs-static-layers class=\"rs-stl-visible\"><!--\n\t\t\t\t\t--><\/rs-static-layers>\n\t\t\t\t<\/rs-module>\n\t\t\t\t<script>\n\t\t\t\t\tsetREVStartSize({c: 'rev_slider_2_1',rl:[1240,1024,778,480],el:[550,600,500,650],gw:[1360,1024,778,480],gh:[550,600,500,650],type:'standard',justify:'',layout:'fullwidth',mh:\"0\"});if (window.RS_MODULES!==undefined && window.RS_MODULES.modules!==undefined && window.RS_MODULES.modules[\"revslider21\"]!==undefined) {window.RS_MODULES.modules[\"revslider21\"].once = false;window.revapi2 = undefined;if (window.RS_MODULES.checkMinimal!==undefined) window.RS_MODULES.checkMinimal()}\n\t\t\t\t<\/script>\n\t\t\t<\/rs-module-wrap>\n\t\t\t<!-- END REVOLUTION SLIDER -->\n<\/div><\/div><\/div><\/div><div class=\"vc_row-full-width vc_clearfix\"><\/div><div data-vc-full-width=\"true\" data-vc-full-width-init=\"false\" class=\"vc_row wpb_row vc_row-fluid vc_custom_1490727870403\"><\/div><div class=\"vc_row-full-width vc_clearfix\"><\/div><div class=\"wpb_column vc_column_container vc_col-sm-12\"><div class=\"vc_column-inner vc_custom_1480683825091\"><div class=\"wpb_wrapper\"><div class=\"vc_row wpb_row vc_inner vc_row-fluid\"><div class=\"text-center wpb_column vc_column_container vc_col-sm-12\"><div class=\"vc_column-inner\"><div class=\"wpb_wrapper\"><div id=\"argenta-custom-6a097273ee365\"  class=\"heading-wrapper text-center\"  >\n\t\t\t<p class=\"subtitle\">Jungle House Meals<\/p>\n\t\n\t<h3 class=\"second-title text-center\">Nuestra Historia<\/h3>\n\n\t\n\t\n\t<\/div>\t\n\n<div class=\"vc_empty_space\"   style=\"height: 20px\"><span class=\"vc_empty_space_inner\"><\/span><\/div><div id=\"argenta-custom-6a097273ee950\"  >\n\t<p><strong>En Manigua apostamos por productos de temporada y locales, de la mejor calidad. Reinterpretando el recetario granadino con respeto, con los ojos abiertos, pero tambi\u00e9n con la mente abierta.<\/strong><\/p>\n<p>Ubicado en la calle Laurel de San Mat\u00edas n\u00ba 1, en el antiguo barrio de La Manigua. Quiz\u00e1s el \u00fanico \u201cbarrio chino\u201d que conoci\u00f3 Granada. Lugar de encuentro, a principios del siglo pasado, de gentes del mal vivir en general -que no necesariamente malas gentes-.<\/p>\n<p>Precisamente, esta casa de comidas tradicional, busca rescatar la esencia de lo bueno de entonces y hacer su particular homenaje al barrio. Un laberinto de callejuelas por las que pasear, especialmente por la noche, con sus luces a media altura.<\/p>\n<p>Manigua invita a llenar el est\u00f3mago no solo de delicias sino tambi\u00e9n de recuerdos. Sin prisa en la sobremesa. En un espacio que tiene su propia atm\u00f3sfera, que invita a desconectar y a no estar pendiente del reloj.<\/p>\n<p>Los <strong>tres ingredientes que protagonizan cada plato<\/strong>, provienen desde los campos de la Vega hasta la Costa Tropical. Con espacio siempre para productos de fuera que enriquezcan las recetas.<\/p>\n<p>Acompa\u00f1amos la carta con vinos naturales de nuestra tierra, gracias a bodegas \u00fanicas que muestran el amor por la tradici\u00f3n y apuestan por el cuidado del medio ambiente.<\/p>\n<p>Un lugar para desconectar, compartir con la gente que quieres y dejarte llevar por la experiencia.<\/p>\n<p>Pero no solo hay cabida para el arte de la gastronom\u00eda y la cuchara. Tambi\u00e9n cedemos nuestro espacio a artistas locales, con exposiciones de cuadros o cer\u00e1micas.<\/p>\n<p><strong><span style=\"vertical-align: inherit;\"><span style=\"vertical-align: inherit;\">En Manigua se cocina desde el coraz\u00f3n, porque solo as\u00ed se llega al coraz\u00f3n del cliente. <\/span><\/span><\/strong><\/p>\n<\/div>\n\n<div class=\"vc_empty_space\"   style=\"height: 70px\"><span class=\"vc_empty_space_inner\"><\/span><\/div><\/div><\/div><\/div><\/div><\/div><\/div><\/div>","protected":false},"excerpt":{"rendered":"DESDE EL CORAZ\u00d3N Un laberinto de callejuelas y sabores Manigua Casa de Comidas Nuestra Historia En Manigua apostamos por productos de temporada y locales, de la mejor calidad. Reinterpretando el recetario granadino con respeto, con los ojos abiertos, pero tambi\u00e9n con la mente abierta. Ubicado en la calle Laurel de San Mat\u00edas n\u00ba 1, en [...]","protected":false},"author":1,"featured_media":0,"parent":0,"menu_order":0,"comment_status":"closed","ping_status":"closed","template":"page-templates\/page_without-sidebar.php","meta":{"_uf_show_specific_survey":0,"_uf_disable_surveys":false,"footnotes":""},"class_list":["post-5605","page","type-page","status-publish","hentry"],"acf":[],"yoast_head":"<!-- This site is optimized with the Yoast SEO Premium plugin v20.11 (Yoast SEO v26.7) - https:\/\/yoast.com\/wordpress\/plugins\/seo\/ -->\n<title>Historia - Manigua Casa de Comidas<\/title>\n<meta name=\"robots\" content=\"index, follow, max-snippet:-1, max-image-preview:large, max-video-preview:-1\" \/>\n<link rel=\"canonical\" href=\"https:\/\/maniguacasadecomidas.com\/en\/historia\/\" \/>\n<meta property=\"og:locale\" content=\"en_GB\" \/>\n<meta property=\"og:type\" content=\"article\" \/>\n<meta property=\"og:title\" content=\"Historia\" \/>\n<meta property=\"og:url\" content=\"https:\/\/maniguacasadecomidas.com\/en\/historia\/\" \/>\n<meta property=\"og:site_name\" content=\"Manigua Casa de Comidas\" \/>\n<meta property=\"article:modified_time\" content=\"2025-02-26T20:45:24+00:00\" \/>\n<meta name=\"twitter:card\" content=\"summary_large_image\" \/>\n<meta name=\"twitter:label1\" content=\"Estimated reading time\" \/>\n\t<meta name=\"twitter:data1\" content=\"2 minutes\" \/>\n<script type=\"application\/ld+json\" class=\"yoast-schema-graph\">{\"@context\":\"https:\/\/schema.org\",\"@graph\":[{\"@type\":\"WebPage\",\"@id\":\"https:\/\/maniguacasadecomidas.com\/historia\/\",\"url\":\"https:\/\/maniguacasadecomidas.com\/historia\/\",\"name\":\"Historia - Manigua Casa de Comidas\",\"isPartOf\":{\"@id\":\"https:\/\/maniguacasadecomidas.com\/#website\"},\"datePublished\":\"2017-03-20T09:23:14+00:00\",\"dateModified\":\"2025-02-26T20:45:24+00:00\",\"breadcrumb\":{\"@id\":\"https:\/\/maniguacasadecomidas.com\/historia\/#breadcrumb\"},\"inLanguage\":\"en-GB\",\"potentialAction\":[{\"@type\":\"ReadAction\",\"target\":[\"https:\/\/maniguacasadecomidas.com\/historia\/\"]}]},{\"@type\":\"BreadcrumbList\",\"@id\":\"https:\/\/maniguacasadecomidas.com\/historia\/#breadcrumb\",\"itemListElement\":[{\"@type\":\"ListItem\",\"position\":1,\"name\":\"Portada\",\"item\":\"https:\/\/maniguacasadecomidas.com\/\"},{\"@type\":\"ListItem\",\"position\":2,\"name\":\"Historia\"}]},{\"@type\":\"WebSite\",\"@id\":\"https:\/\/maniguacasadecomidas.com\/#website\",\"url\":\"https:\/\/maniguacasadecomidas.com\/\",\"name\":\"Manigua Casa de Comidas\",\"description\":\"Restaurate y Gastronom\u00eda en Granada\",\"potentialAction\":[{\"@type\":\"SearchAction\",\"target\":{\"@type\":\"EntryPoint\",\"urlTemplate\":\"https:\/\/maniguacasadecomidas.com\/?s={search_term_string}\"},\"query-input\":{\"@type\":\"PropertyValueSpecification\",\"valueRequired\":true,\"valueName\":\"search_term_string\"}}],\"inLanguage\":\"en-GB\"}]}<\/script>\n<!-- \/ Yoast SEO Premium plugin. -->","yoast_head_json":{"title":"Historia - Manigua Casa de Comidas","robots":{"index":"index","follow":"follow","max-snippet":"max-snippet:-1","max-image-preview":"max-image-preview:large","max-video-preview":"max-video-preview:-1"},"canonical":"https:\/\/maniguacasadecomidas.com\/en\/historia\/","og_locale":"en_GB","og_type":"article","og_title":"Historia","og_url":"https:\/\/maniguacasadecomidas.com\/en\/historia\/","og_site_name":"Manigua Casa de Comidas","article_modified_time":"2025-02-26T20:45:24+00:00","twitter_card":"summary_large_image","twitter_misc":{"Estimated reading time":"2 minutes"},"schema":{"@context":"https:\/\/schema.org","@graph":[{"@type":"WebPage","@id":"https:\/\/maniguacasadecomidas.com\/historia\/","url":"https:\/\/maniguacasadecomidas.com\/historia\/","name":"Historia - Manigua Casa de Comidas","isPartOf":{"@id":"https:\/\/maniguacasadecomidas.com\/#website"},"datePublished":"2017-03-20T09:23:14+00:00","dateModified":"2025-02-26T20:45:24+00:00","breadcrumb":{"@id":"https:\/\/maniguacasadecomidas.com\/historia\/#breadcrumb"},"inLanguage":"en-GB","potentialAction":[{"@type":"ReadAction","target":["https:\/\/maniguacasadecomidas.com\/historia\/"]}]},{"@type":"BreadcrumbList","@id":"https:\/\/maniguacasadecomidas.com\/historia\/#breadcrumb","itemListElement":[{"@type":"ListItem","position":1,"name":"Portada","item":"https:\/\/maniguacasadecomidas.com\/"},{"@type":"ListItem","position":2,"name":"Historia"}]},{"@type":"WebSite","@id":"https:\/\/maniguacasadecomidas.com\/#website","url":"https:\/\/maniguacasadecomidas.com\/","name":"Jungle House Meals","description":"Restaurate y Gastronom\u00eda en Granada","potentialAction":[{"@type":"SearchAction","target":{"@type":"EntryPoint","urlTemplate":"https:\/\/maniguacasadecomidas.com\/?s={search_term_string}"},"query-input":{"@type":"PropertyValueSpecification","valueRequired":true,"valueName":"search_term_string"}}],"inLanguage":"en-GB"}]}},"_links":{"self":[{"href":"https:\/\/maniguacasadecomidas.com\/en\/wp-json\/wp\/v2\/pages\/5605","targetHints":{"allow":["GET"]}}],"collection":[{"href":"https:\/\/maniguacasadecomidas.com\/en\/wp-json\/wp\/v2\/pages"}],"about":[{"href":"https:\/\/maniguacasadecomidas.com\/en\/wp-json\/wp\/v2\/types\/page"}],"author":[{"embeddable":true,"href":"https:\/\/maniguacasadecomidas.com\/en\/wp-json\/wp\/v2\/users\/1"}],"replies":[{"embeddable":true,"href":"https:\/\/maniguacasadecomidas.com\/en\/wp-json\/wp\/v2\/comments?post=5605"}],"version-history":[{"count":23,"href":"https:\/\/maniguacasadecomidas.com\/en\/wp-json\/wp\/v2\/pages\/5605\/revisions"}],"predecessor-version":[{"id":6219,"href":"https:\/\/maniguacasadecomidas.com\/en\/wp-json\/wp\/v2\/pages\/5605\/revisions\/6219"}],"wp:attachment":[{"href":"https:\/\/maniguacasadecomidas.com\/en\/wp-json\/wp\/v2\/media?parent=5605"}],"curies":[{"name":"wp","href":"https:\/\/api.w.org\/{rel}","templated":true}]}}