{"id":6085,"date":"2023-07-04T10:48:43","date_gmt":"2023-07-04T10:48:43","guid":{"rendered":"https:\/\/maniguacasadecomidas.com\/?page_id=6085"},"modified":"2024-08-03T16:14:16","modified_gmt":"2024-08-03T16:14:16","slug":"politica-de-privacidad","status":"publish","type":"page","link":"https:\/\/maniguacasadecomidas.com\/en\/politica-de-privacidad\/","title":{"rendered":"Privacy policy"},"content":{"rendered":"<div data-vc-full-width=\"true\" data-vc-full-width-init=\"false\" data-vc-stretch-content=\"true\" class=\"vc_row wpb_row vc_row-fluid vc_row-no-padding\"><div class=\"wpb_column vc_column_container vc_col-sm-12\"><div class=\"vc_column-inner\"><div class=\"wpb_wrapper\">\n\t\t\t<!-- START Historia slider REVOLUTION SLIDER 6.6.13 --><p class=\"rs-p-wp-fix\"><\/p>\n\t\t\t<rs-module-wrap id=\"rev_slider_2_1_wrapper\" data-source=\"gallery\" style=\"visibility:hidden;background:#ffffff;padding:0;margin:0px auto;margin-top:0;margin-bottom:0;\">\n\t\t\t\t<rs-module id=\"rev_slider_2_1\" style=\"\" data-version=\"6.6.13\">\n\t\t\t\t\t<rs-slides style=\"overflow: hidden; position: absolute;\">\n\t\t\t\t\t\t<rs-slide style=\"position: absolute;\" data-key=\"rs-2\" data-title=\"01\" data-in=\"o:1;x:-100%;\" data-out=\"x:60%;\">\n\t\t\t\t\t\t\t<img decoding=\"async\" src=\"\/\/maniguacasadecomidas.com\/wp-content\/plugins\/slider-revolution\/public\/assets\/assets\/dummy.png\" alt=\"\" title=\"slider cabeceras manigua historia\" width=\"1360\" height=\"550\" class=\"rev-slidebg tp-rs-img rs-lazyload\" data-lazyload=\"\/\/maniguacasadecomidas.com\/wp-content\/uploads\/2023\/07\/slider-cabeceras-manigua-historia.jpg\" data-parallax=\"off\" data-no-retina>\n<!--\n\t\t\t\t\t\t\t--><rs-layer\n\t\t\t\t\t\t\t\tid=\"slider-2-slide-2-layer-3\" \n\t\t\t\t\t\t\t\tdata-type=\"text\"\n\t\t\t\t\t\t\t\tdata-color=\"#ffffff||#000000||#000000||#ffffff\"\n\t\t\t\t\t\t\t\tdata-rsp_ch=\"on\"\n\t\t\t\t\t\t\t\tdata-xy=\"x:c;xo:-265px,0,0,0;y:t,t,t,m;yo:218px,110px,90px,-56px;\"\n\t\t\t\t\t\t\t\tdata-text=\"s:70,50,40,38;l:60,50,44,40;ls:1px,1px,1px,0px;fw:300;a:left,inherit,inherit,inherit;\"\n\t\t\t\t\t\t\t\tdata-frame_0=\"y:50px;\"\n\t\t\t\t\t\t\t\tdata-frame_1=\"e:expo.inOut;st:1000;sp:1500;sR:2000;\"\n\t\t\t\t\t\t\t\tdata-frame_999=\"y:50px;o:0;e:expo.inOut;st:w;sp:1000;sR:5500;\"\n\t\t\t\t\t\t\t\tstyle=\"z-index:11;font-family:'Montserrat';\"\n\t\t\t\t\t\t\t>FROM <strong>THE HEART<\/strong> \n\t\t\t\t\t\t\t<\/rs-layer><!--\n\n\t\t\t\t\t\t\t--><rs-layer\n\t\t\t\t\t\t\t\tid=\"slider-2-slide-2-layer-7\" \n\t\t\t\t\t\t\t\tdata-type=\"text\"\n\t\t\t\t\t\t\t\tdata-color=\"#ffffff||#000000||#000000||#ffffff\"\n\t\t\t\t\t\t\t\tdata-rsp_ch=\"on\"\n\t\t\t\t\t\t\t\tdata-xy=\"x:c;xo:-328px,0,0,0;y:t,t,t,m;yo:273px,110px,90px,-11px;\"\n\t\t\t\t\t\t\t\tdata-text=\"s:32,50,40,22;l:60,50,44,40;ls:1px,1px,1px,0px;fw:500,300,300,400;a:left,inherit,inherit,center;\"\n\t\t\t\t\t\t\t\tdata-dim=\"w:auto,auto,auto,725px;\"\n\t\t\t\t\t\t\t\tdata-frame_0=\"y:50px;\"\n\t\t\t\t\t\t\t\tdata-frame_1=\"e:expo.inOut;st:2000;sp:1500;sR:2000;\"\n\t\t\t\t\t\t\t\tdata-frame_999=\"y:50px;o:0;e:expo.inOut;st:w;sp:1000;sR:5500;\"\n\t\t\t\t\t\t\t\tstyle=\"z-index:11;font-family:'Montserrat';\"\n\t\t\t\t\t\t\t>A labyrinth of alleyways and flavors \n\t\t\t\t\t\t\t<\/rs-layer><!--\n-->\t\t\t\t\t\t<\/rs-slide>\n\t\t\t\t\t<\/rs-slides>\n\t\t\t\t\t<rs-static-layers class=\"rs-stl-visible\"><!--\n\t\t\t\t\t--><\/rs-static-layers>\n\t\t\t\t<\/rs-module>\n\t\t\t\t<script>\n\t\t\t\t\tsetREVStartSize({c: 'rev_slider_2_1',rl:[1240,1024,778,480],el:[550,600,500,650],gw:[1360,1024,778,480],gh:[550,600,500,650],type:'standard',justify:'',layout:'fullwidth',mh:\"0\"});if (window.RS_MODULES!==undefined && window.RS_MODULES.modules!==undefined && window.RS_MODULES.modules[\"revslider21\"]!==undefined) {window.RS_MODULES.modules[\"revslider21\"].once = false;window.revapi2 = undefined;if (window.RS_MODULES.checkMinimal!==undefined) window.RS_MODULES.checkMinimal()}\n\t\t\t\t<\/script>\n\t\t\t<\/rs-module-wrap>\n\t\t\t<!-- END REVOLUTION SLIDER -->\n<\/div><\/div><\/div><\/div><div class=\"vc_row-full-width vc_clearfix\"><\/div><div class=\"vc_row wpb_row vc_row-fluid\"><div class=\"wpb_column vc_column_container vc_col-sm-12\"><div class=\"vc_column-inner\"><div class=\"wpb_wrapper\"><div class=\"vc_empty_space\"   style=\"height: 32px\"><span class=\"vc_empty_space_inner\"><\/span><\/div><div id=\"argenta-custom-69e1760c4ecc0\"  >\n\t<h4>Privacy policy<\/h4>\n<\/div>\n\n<\/div><\/div><\/div><\/div><div class=\"vc_row wpb_row vc_row-fluid\"><div class=\"wpb_column vc_column_container vc_col-sm-12\"><div class=\"vc_column-inner\"><div class=\"wpb_wrapper\"><div id=\"argenta-custom-69e1760c4f922\"  >\n\t<p>En Manigua Casa de Comidas estamos comprometidos con la protecci\u00f3n de tu privacidad. Queremos ser transparentes sobre los datos que recopilamos, c\u00f3mo los utilizamos y los derechos que tienes para controlar tus datos.<\/p>\n<p><strong>1. Informaci\u00f3n al usuario<\/strong><\/p>\n<p>Kamado Granada, S.L. es la responsable del tratamiento de los datos personales del Usuario y le informa que estos datos ser\u00e1n tratados de conformidad con lo dispuesto en el Reglamento (UE) 2016\/679 de 27 de abril de 2016 (RGPD) relativo a la protecci\u00f3n de las personas f\u00edsicas y en la Ley Org\u00e1nica 3\/2018, de 5 de diciembre (LOPDGDD), en lo que respecta al tratamiento de datos personales y a la libre circulaci\u00f3n de estos datos, por lo que se le facilita la siguiente informaci\u00f3n del tratamiento:<\/p>\n<\/div>\n\n<div id=\"argenta-custom-69e1760c4fab0\"  >\n\t<p><strong>\u00bfCon qu\u00e9 finalidad tratamos sus datos personales?<\/strong><\/p>\n<p>En la empresa tratamos los datos de las personas interesadas para la gesti\u00f3n y desarrollo de las comunicaciones (contacto de usuarios, resoluci\u00f3n de consultas, gesti\u00f3n de perfiles de la empresa en redes sociales, etc.) as\u00ed como para atender los servicios solicitados y desarrollar nuestra actividad.<\/p>\n<p><strong>\u00bfQu\u00e9 tipo de datos tratamos?<\/strong><\/p>\n<p>Adem\u00e1s de los diferentes medios de obtenci\u00f3n citados, as\u00ed como las diferentes finalidades de tratamiento expuestas, le informamos que los tipos de datos que podemos tratar en nuestro sistema de informaci\u00f3n son:<\/p>\n<ul>\n<li>Datos identificativos.<\/li>\n<li>Direcciones electr\u00f3nicas y direcci\u00f3n postal.<\/li>\n<li>Datos econ\u00f3micos.<\/li>\n<\/ul>\n<\/div>\n\n<div id=\"argenta-custom-69e1760c4fc5c\"  >\n\t<p><strong>\u00bfPor cu\u00e1nto tiempo conservaremos sus datos?<\/strong><\/p>\n<p>Los datos personales se conservar\u00e1n mientras se mantenga relaci\u00f3n con usted, bien como cliente, o bien como otro tipo de interesado; mientras no se solicite la supresi\u00f3n de estos; o mientras exista alguna previsi\u00f3n o exigencia legal de conservaci\u00f3n de estos.<\/p>\n<p>Cuando los datos dejen de ser necesarios para las finalidades por las que fueron recabados ser\u00e1n suprimidos asegurando la confidencialidad de estos.<\/p>\n<p>En el caso de datos facilitados con motivo de b\u00fasqueda de empleo, si estos no resultasen de inter\u00e9s para la empresa, ser\u00e1n eliminados inmediatamente asegurando su confidencialidad.<\/p>\n<p><strong>\u00bfCu\u00e1l es la legitimaci\u00f3n para el tratamiento de sus datos?<\/strong><\/p>\n<p>La base legal para el tratamiento de sus datos puede deberse a la ejecuci\u00f3n de alg\u00fan contrato comercial, mercantil, laboral, etc., en el que el interesado sea parte.<\/p>\n<p>Otra base legal para el tratamiento de sus datos es el consentimiento informado en el caso de otros tratamientos como, por ejemplo: formulario de contacto del sitio web, participaci\u00f3n en los perfiles de redes sociales de la empresa, y cualquier otro tratamiento que implique necesariamente la recogida de sus datos personales, para lo cual ser\u00e1 requisito imprescindible una clara acci\u00f3n afirmativa por parte del interesado.<\/p>\n<\/div>\n\n<div id=\"argenta-custom-69e1760c4fdcc\"  >\n\t<p><strong>\u00bfA qu\u00e9 destinatarios se comunicar\u00e1n sus datos?<\/strong><\/p>\n<p>Los datos de los interesados no ser\u00e1n comunicados a ning\u00fan tercero, salvo obligaci\u00f3n legal al respecto.<\/p>\n<p><strong>\u00bfCu\u00e1les son sus derechos cuando nos facilita y\/o tratamos sus datos?<\/strong><\/p>\n<p>Como interesado, usted podr\u00e1 en cualquier momento solicitarnos el ejercicio de cualquiera de los siguientes derechos que le asisten en materia de protecci\u00f3n de datos:<\/p>\n<ul>\n<li><strong>Acceder a sus datos<\/strong>: Tiene derecho a acceder a sus datos para conocer qu\u00e9 datos personales estamos tratando que le conciernen.<\/li>\n<li><strong>Solicitar la rectificaci\u00f3n o supresi\u00f3n de sus datos<\/strong>: En determinadas circunstancias, tiene derecho a rectificar aquellos datos personales que considere inexactos y que le conciernan, y que sean objeto de tratamiento por parte de LAS ENTIDADES, as\u00ed como derecho a solicitar la supresi\u00f3n de sus datos cuando, entre otros motivos, los datos ya no fueran necesarios para los fines que fueron recogidos.<\/li>\n<li><strong>Solicitar la limitaci\u00f3n del tratamiento de sus datos<\/strong>: En determinadas circunstancias, tendr\u00e1 derecho a solicitarnos la limitaci\u00f3n del tratamiento de sus datos, en cuyo caso le informamos que \u00fanicamente conservaremos los datos sobre los que haya solicitado limitaci\u00f3n en el tratamiento para el ejercicio o defensa de reclamaciones.<\/li>\n<li><strong>A la portabilidad de sus datos<\/strong>: En determinadas circunstancias, tendr\u00e1 derecho a recibir los datos personales que le incumban, y que nos haya facilitado, en un formato estructurado de uso com\u00fan y lectura mec\u00e1nica, as\u00ed como a que sean transmitidos por parte de nuestra empresa a otro responsable del tratamiento.<\/li>\n<li><strong>Oponerse al tratamiento de sus datos<\/strong>: En determinadas circunstancias y por motivos relacionados con su situaci\u00f3n particular, tendr\u00e1 derecho a oponerse al tratamiento de sus datos en cuyo caso, dejar\u00edamos de tratarlos salvo que debamos continuar haci\u00e9ndolo por motivos leg\u00edtimos imperiosos o para el ejercicio o la defensa de posibles reclamaciones.<\/li>\n<li>Derecho a presentar una reclamaci\u00f3n ante la Autoridad de control si no ha obtenido satisfacci\u00f3n en el ejercicio de sus derechos, en este caso, ante la Agencia Espa\u00f1ola de protecci\u00f3n de datos\u00a0\u00a0<a href=\"http:\/\/www.aepd.es\/\">http:\/\/www.aepd.es<\/a><\/li>\n<\/ul>\n<p>Le informamos que podr\u00e1 ejercitar sus derechos sobre sus datos personales a trav\u00e9s de cualquiera de las siguientes v\u00edas:<\/p>\n<ul>\n<li>Direcci\u00f3n postal: Calle Laurel de San Mat\u00edas 1, 18009 Granada.<\/li>\n<li>Direcci\u00f3n electr\u00f3nica: <a href=\"mailto:info@maniguacasadecomidas.com\">info@maniguacasadecomidas.com<\/a><\/li>\n<\/ul>\n<\/div>\n\n<div id=\"argenta-custom-69e1760c4fee6\"  >\n\t<p><strong>2. CAR\u00c1CTER OBLIGATORIO O FACULTATIVO DE LA INFORMACI\u00d3N FACILITADA POR EL USUARIO<\/strong><\/p>\n<p>Los Usuarios, mediante la marcaci\u00f3n de las casillas correspondientes y entrada de datos en los campos, del formulario de contacto o presentados en formularios de descarga, aceptan expresamente y de forma libre e inequ\u00edvoca, que sus datos son necesarios para atender su petici\u00f3n, por parte del prestador, siendo voluntaria la inclusi\u00f3n de datos en los campos restantes.<\/p>\n<p>El usuario garantiza que los datos que aporte son verdaderos, exactos, completos y se encuentran actualizados, siendo responsable de cualquier da\u00f1o o perjuicio, directo o indirecto, que pudiera ocasionarse como consecuencia del incumplimiento de tal obligaci\u00f3n.<\/p>\n<p>En caso de que el usuario aporte datos pertenecientes a un tercero, garantiza que ha informado a dicho tercero de la totalidad de aspectos contenidos en la presente Pol\u00edtica de Privacidad y obtenido su consentimiento para facilitarnos sus datos para la finalidad de tratamiento de que se trate. Todo ello, con car\u00e1cter previo al suministro de datos de un tercero.<\/p>\n<p>En caso de que no sean facilitados todos los datos, no se garantiza que la informaci\u00f3n y servicios facilitados sean completamente ajustados a sus necesidades.<\/p>\n<\/div>\n\n<\/div><\/div><\/div><\/div><div class=\"vc_row wpb_row vc_row-fluid\"><div class=\"wpb_column vc_column_container vc_col-sm-12\"><div class=\"vc_column-inner\"><div class=\"wpb_wrapper\"><div class=\"vc_empty_space\"   style=\"height: 50px\"><span class=\"vc_empty_space_inner\"><\/span><\/div><\/div><\/div><\/div><\/div>","protected":false},"excerpt":{"rendered":"DESDE EL CORAZ\u00d3N Un laberinto de callejuelas y sabores Pol\u00edtica de Privacidad En Manigua Casa de Comidas estamos comprometidos con la protecci\u00f3n de tu privacidad. Queremos ser transparentes sobre los datos que recopilamos, c\u00f3mo los utilizamos y los derechos que tienes para controlar tus datos. 1. Informaci\u00f3n al usuario Kamado Granada, S.L. es la responsable [...]","protected":false},"author":1,"featured_media":0,"parent":0,"menu_order":0,"comment_status":"closed","ping_status":"closed","template":"page-templates\/page_without-sidebar.php","meta":{"_uf_show_specific_survey":0,"_uf_disable_surveys":false,"footnotes":""},"class_list":["post-6085","page","type-page","status-publish","hentry"],"acf":[],"yoast_head":"<!-- This site is optimized with the Yoast SEO Premium plugin v20.11 (Yoast SEO v26.7) - https:\/\/yoast.com\/wordpress\/plugins\/seo\/ -->\n<title>Pol\u00edtica de Privacidad - Manigua Casa de Comidas<\/title>\n<meta name=\"robots\" content=\"index, follow, max-snippet:-1, max-image-preview:large, max-video-preview:-1\" \/>\n<link rel=\"canonical\" href=\"https:\/\/maniguacasadecomidas.com\/en\/politica-de-privacidad\/\" \/>\n<meta property=\"og:locale\" content=\"en_GB\" \/>\n<meta property=\"og:type\" content=\"article\" \/>\n<meta property=\"og:title\" content=\"Pol\u00edtica de Privacidad\" \/>\n<meta property=\"og:url\" content=\"https:\/\/maniguacasadecomidas.com\/en\/politica-de-privacidad\/\" \/>\n<meta property=\"og:site_name\" content=\"Manigua Casa de Comidas\" \/>\n<meta property=\"article:modified_time\" content=\"2024-08-03T16:14:16+00:00\" \/>\n<meta name=\"twitter:card\" content=\"summary_large_image\" \/>\n<meta name=\"twitter:label1\" content=\"Estimated reading time\" \/>\n\t<meta name=\"twitter:data1\" content=\"5 minutes\" \/>\n<script type=\"application\/ld+json\" class=\"yoast-schema-graph\">{\"@context\":\"https:\/\/schema.org\",\"@graph\":[{\"@type\":\"WebPage\",\"@id\":\"https:\/\/maniguacasadecomidas.com\/politica-de-privacidad\/\",\"url\":\"https:\/\/maniguacasadecomidas.com\/politica-de-privacidad\/\",\"name\":\"Pol\u00edtica de Privacidad - Manigua Casa de Comidas\",\"isPartOf\":{\"@id\":\"https:\/\/maniguacasadecomidas.com\/#website\"},\"datePublished\":\"2023-07-04T10:48:43+00:00\",\"dateModified\":\"2024-08-03T16:14:16+00:00\",\"breadcrumb\":{\"@id\":\"https:\/\/maniguacasadecomidas.com\/politica-de-privacidad\/#breadcrumb\"},\"inLanguage\":\"en-GB\",\"potentialAction\":[{\"@type\":\"ReadAction\",\"target\":[\"https:\/\/maniguacasadecomidas.com\/politica-de-privacidad\/\"]}]},{\"@type\":\"BreadcrumbList\",\"@id\":\"https:\/\/maniguacasadecomidas.com\/politica-de-privacidad\/#breadcrumb\",\"itemListElement\":[{\"@type\":\"ListItem\",\"position\":1,\"name\":\"Portada\",\"item\":\"https:\/\/maniguacasadecomidas.com\/\"},{\"@type\":\"ListItem\",\"position\":2,\"name\":\"Pol\u00edtica de Privacidad\"}]},{\"@type\":\"WebSite\",\"@id\":\"https:\/\/maniguacasadecomidas.com\/#website\",\"url\":\"https:\/\/maniguacasadecomidas.com\/\",\"name\":\"Manigua Casa de Comidas\",\"description\":\"Restaurate y Gastronom\u00eda en Granada\",\"potentialAction\":[{\"@type\":\"SearchAction\",\"target\":{\"@type\":\"EntryPoint\",\"urlTemplate\":\"https:\/\/maniguacasadecomidas.com\/?s={search_term_string}\"},\"query-input\":{\"@type\":\"PropertyValueSpecification\",\"valueRequired\":true,\"valueName\":\"search_term_string\"}}],\"inLanguage\":\"en-GB\"}]}<\/script>\n<!-- \/ Yoast SEO Premium plugin. -->","yoast_head_json":{"title":"Pol\u00edtica de Privacidad - Manigua Casa de Comidas","robots":{"index":"index","follow":"follow","max-snippet":"max-snippet:-1","max-image-preview":"max-image-preview:large","max-video-preview":"max-video-preview:-1"},"canonical":"https:\/\/maniguacasadecomidas.com\/en\/politica-de-privacidad\/","og_locale":"en_GB","og_type":"article","og_title":"Pol\u00edtica de Privacidad","og_url":"https:\/\/maniguacasadecomidas.com\/en\/politica-de-privacidad\/","og_site_name":"Manigua Casa de Comidas","article_modified_time":"2024-08-03T16:14:16+00:00","twitter_card":"summary_large_image","twitter_misc":{"Estimated reading time":"5 minutes"},"schema":{"@context":"https:\/\/schema.org","@graph":[{"@type":"WebPage","@id":"https:\/\/maniguacasadecomidas.com\/politica-de-privacidad\/","url":"https:\/\/maniguacasadecomidas.com\/politica-de-privacidad\/","name":"Pol\u00edtica de Privacidad - Manigua Casa de Comidas","isPartOf":{"@id":"https:\/\/maniguacasadecomidas.com\/#website"},"datePublished":"2023-07-04T10:48:43+00:00","dateModified":"2024-08-03T16:14:16+00:00","breadcrumb":{"@id":"https:\/\/maniguacasadecomidas.com\/politica-de-privacidad\/#breadcrumb"},"inLanguage":"en-GB","potentialAction":[{"@type":"ReadAction","target":["https:\/\/maniguacasadecomidas.com\/politica-de-privacidad\/"]}]},{"@type":"BreadcrumbList","@id":"https:\/\/maniguacasadecomidas.com\/politica-de-privacidad\/#breadcrumb","itemListElement":[{"@type":"ListItem","position":1,"name":"Portada","item":"https:\/\/maniguacasadecomidas.com\/"},{"@type":"ListItem","position":2,"name":"Pol\u00edtica de Privacidad"}]},{"@type":"WebSite","@id":"https:\/\/maniguacasadecomidas.com\/#website","url":"https:\/\/maniguacasadecomidas.com\/","name":"Jungle House Meals","description":"Restaurate y Gastronom\u00eda en Granada","potentialAction":[{"@type":"SearchAction","target":{"@type":"EntryPoint","urlTemplate":"https:\/\/maniguacasadecomidas.com\/?s={search_term_string}"},"query-input":{"@type":"PropertyValueSpecification","valueRequired":true,"valueName":"search_term_string"}}],"inLanguage":"en-GB"}]}},"_links":{"self":[{"href":"https:\/\/maniguacasadecomidas.com\/en\/wp-json\/wp\/v2\/pages\/6085","targetHints":{"allow":["GET"]}}],"collection":[{"href":"https:\/\/maniguacasadecomidas.com\/en\/wp-json\/wp\/v2\/pages"}],"about":[{"href":"https:\/\/maniguacasadecomidas.com\/en\/wp-json\/wp\/v2\/types\/page"}],"author":[{"embeddable":true,"href":"https:\/\/maniguacasadecomidas.com\/en\/wp-json\/wp\/v2\/users\/1"}],"replies":[{"embeddable":true,"href":"https:\/\/maniguacasadecomidas.com\/en\/wp-json\/wp\/v2\/comments?post=6085"}],"version-history":[{"count":6,"href":"https:\/\/maniguacasadecomidas.com\/en\/wp-json\/wp\/v2\/pages\/6085\/revisions"}],"predecessor-version":[{"id":6152,"href":"https:\/\/maniguacasadecomidas.com\/en\/wp-json\/wp\/v2\/pages\/6085\/revisions\/6152"}],"wp:attachment":[{"href":"https:\/\/maniguacasadecomidas.com\/en\/wp-json\/wp\/v2\/media?parent=6085"}],"curies":[{"name":"wp","href":"https:\/\/api.w.org\/{rel}","templated":true}]}}