{"id":6156,"date":"2024-08-03T16:42:54","date_gmt":"2024-08-03T16:42:54","guid":{"rendered":"https:\/\/maniguacasadecomidas.com\/?page_id=6156"},"modified":"2024-08-03T16:42:54","modified_gmt":"2024-08-03T16:42:54","slug":"condiciones-generales","status":"publish","type":"page","link":"https:\/\/maniguacasadecomidas.com\/en\/condiciones-generales\/","title":{"rendered":"General Conditions"},"content":{"rendered":"<div data-vc-full-width=\"true\" data-vc-full-width-init=\"false\" data-vc-stretch-content=\"true\" class=\"vc_row wpb_row vc_row-fluid vc_row-no-padding\"><div class=\"wpb_column vc_column_container vc_col-sm-12\"><div class=\"vc_column-inner\"><div class=\"wpb_wrapper\">\n\t\t\t<!-- START Historia slider REVOLUTION SLIDER 6.6.13 --><p class=\"rs-p-wp-fix\"><\/p>\n\t\t\t<rs-module-wrap id=\"rev_slider_2_1_wrapper\" data-source=\"gallery\" style=\"visibility:hidden;background:#ffffff;padding:0;margin:0px auto;margin-top:0;margin-bottom:0;\">\n\t\t\t\t<rs-module id=\"rev_slider_2_1\" style=\"\" data-version=\"6.6.13\">\n\t\t\t\t\t<rs-slides style=\"overflow: hidden; position: absolute;\">\n\t\t\t\t\t\t<rs-slide style=\"position: absolute;\" data-key=\"rs-2\" data-title=\"01\" data-in=\"o:1;x:-100%;\" data-out=\"x:60%;\">\n\t\t\t\t\t\t\t<img decoding=\"async\" src=\"\/\/maniguacasadecomidas.com\/wp-content\/plugins\/slider-revolution\/public\/assets\/assets\/dummy.png\" alt=\"\" title=\"slider cabeceras manigua historia\" width=\"1360\" height=\"550\" class=\"rev-slidebg tp-rs-img rs-lazyload\" data-lazyload=\"\/\/maniguacasadecomidas.com\/wp-content\/uploads\/2023\/07\/slider-cabeceras-manigua-historia.jpg\" data-parallax=\"off\" data-no-retina>\n<!--\n\t\t\t\t\t\t\t--><rs-layer\n\t\t\t\t\t\t\t\tid=\"slider-2-slide-2-layer-3\" \n\t\t\t\t\t\t\t\tdata-type=\"text\"\n\t\t\t\t\t\t\t\tdata-color=\"#ffffff||#000000||#000000||#ffffff\"\n\t\t\t\t\t\t\t\tdata-rsp_ch=\"on\"\n\t\t\t\t\t\t\t\tdata-xy=\"x:c;xo:-265px,0,0,0;y:t,t,t,m;yo:218px,110px,90px,-56px;\"\n\t\t\t\t\t\t\t\tdata-text=\"s:70,50,40,38;l:60,50,44,40;ls:1px,1px,1px,0px;fw:300;a:left,inherit,inherit,inherit;\"\n\t\t\t\t\t\t\t\tdata-frame_0=\"y:50px;\"\n\t\t\t\t\t\t\t\tdata-frame_1=\"e:expo.inOut;st:1000;sp:1500;sR:2000;\"\n\t\t\t\t\t\t\t\tdata-frame_999=\"y:50px;o:0;e:expo.inOut;st:w;sp:1000;sR:5500;\"\n\t\t\t\t\t\t\t\tstyle=\"z-index:11;font-family:'Montserrat';\"\n\t\t\t\t\t\t\t>FROM <strong>THE HEART<\/strong> \n\t\t\t\t\t\t\t<\/rs-layer><!--\n\n\t\t\t\t\t\t\t--><rs-layer\n\t\t\t\t\t\t\t\tid=\"slider-2-slide-2-layer-7\" \n\t\t\t\t\t\t\t\tdata-type=\"text\"\n\t\t\t\t\t\t\t\tdata-color=\"#ffffff||#000000||#000000||#ffffff\"\n\t\t\t\t\t\t\t\tdata-rsp_ch=\"on\"\n\t\t\t\t\t\t\t\tdata-xy=\"x:c;xo:-328px,0,0,0;y:t,t,t,m;yo:273px,110px,90px,-11px;\"\n\t\t\t\t\t\t\t\tdata-text=\"s:32,50,40,22;l:60,50,44,40;ls:1px,1px,1px,0px;fw:500,300,300,400;a:left,inherit,inherit,center;\"\n\t\t\t\t\t\t\t\tdata-dim=\"w:auto,auto,auto,725px;\"\n\t\t\t\t\t\t\t\tdata-frame_0=\"y:50px;\"\n\t\t\t\t\t\t\t\tdata-frame_1=\"e:expo.inOut;st:2000;sp:1500;sR:2000;\"\n\t\t\t\t\t\t\t\tdata-frame_999=\"y:50px;o:0;e:expo.inOut;st:w;sp:1000;sR:5500;\"\n\t\t\t\t\t\t\t\tstyle=\"z-index:11;font-family:'Montserrat';\"\n\t\t\t\t\t\t\t>A labyrinth of alleyways and flavors \n\t\t\t\t\t\t\t<\/rs-layer><!--\n-->\t\t\t\t\t\t<\/rs-slide>\n\t\t\t\t\t<\/rs-slides>\n\t\t\t\t\t<rs-static-layers class=\"rs-stl-visible\"><!--\n\t\t\t\t\t--><\/rs-static-layers>\n\t\t\t\t<\/rs-module>\n\t\t\t\t<script>\n\t\t\t\t\tsetREVStartSize({c: 'rev_slider_2_1',rl:[1240,1024,778,480],el:[550,600,500,650],gw:[1360,1024,778,480],gh:[550,600,500,650],type:'standard',justify:'',layout:'fullwidth',mh:\"0\"});if (window.RS_MODULES!==undefined && window.RS_MODULES.modules!==undefined && window.RS_MODULES.modules[\"revslider21\"]!==undefined) {window.RS_MODULES.modules[\"revslider21\"].once = false;window.revapi2 = undefined;if (window.RS_MODULES.checkMinimal!==undefined) window.RS_MODULES.checkMinimal()}\n\t\t\t\t<\/script>\n\t\t\t<\/rs-module-wrap>\n\t\t\t<!-- END REVOLUTION SLIDER -->\n<\/div><\/div><\/div><\/div><div class=\"vc_row-full-width vc_clearfix\"><\/div><div class=\"vc_row wpb_row vc_row-fluid\"><div class=\"wpb_column vc_column_container vc_col-sm-12\"><div class=\"vc_column-inner\"><div class=\"wpb_wrapper\"><div class=\"vc_empty_space\"   style=\"height: 32px\"><span class=\"vc_empty_space_inner\"><\/span><\/div><div id=\"argenta-custom-69fa4ec54e2dd\"  >\n\t<h4>General Conditions<\/h4>\n<\/div>\n\n<\/div><\/div><\/div><\/div><div class=\"vc_row wpb_row vc_row-fluid\"><div class=\"wpb_column vc_column_container vc_col-sm-12\"><div class=\"vc_column-inner\"><div class=\"wpb_wrapper\"><div id=\"argenta-custom-69fa4ec54ee43\"  >\n\t<p>A continuaci\u00f3n, se expone el documento contractual que regir\u00e1 las reservas tur\u00edsticas efectuadas a trav\u00e9s del sitio web\u00a0<a href=\"https:\/\/maniguacasadecomidas.com\/en\/\">https:\/\/www.maniguacasadecomidas.com\/<\/a> propiedad de Kamado Granada S.L \u00a0<em>(en adelante el prestador)<\/em>. La aceptaci\u00f3n del presente documento conlleva que el usuario:<\/p>\n<ol start=\"1\" type=\"a\">\n<li>Ha le\u00eddo, entiende y comprende lo aqu\u00ed expuesto.<\/li>\n<li>Que es una persona con capacidad suficiente para comprar.<\/li>\n<li>Que asume todas las obligaciones aqu\u00ed dispuestas.<\/li>\n<\/ol>\n<p>Las presentes condiciones tendr\u00e1n un periodo de validez indefinido y ser\u00e1n aplicables a todas las reservas realizadas a trav\u00e9s del sitio web. El prestador se reserva el derecho de modificar unilateralmente dichos t\u00e9rminos y condiciones,\u00a0<strong>sin que ello pueda afectar<\/strong>\u00a0a los productos que\u00a0<strong>fueron adquiridos previamente a la modificaci\u00f3n<\/strong>. Al hacer una reserva a trav\u00e9s de <a href=\"https:\/\/maniguacasadecomidas.com\/en\/\">https:\/\/www.maniguacasadecomidas.com\/<\/a>, usted y sus acompa\u00f1antes aceptan expresamente, las presentes condiciones de contrataci\u00f3n.<\/p>\n<\/div>\n\n<div id=\"argenta-custom-69fa4ec54efbe\"  >\n\t<p><strong>Identidad de las partes<\/strong><\/p>\n<p>Por una parte, el proveedor de los bienes adquiridos por el usuario es<strong> Kamado Granda S.L <\/strong>con domicilio social en Calle Laurel de San Mat\u00edas 1, 18009 Granada, C.I.F B42746149 y con tel\u00e9fono de atenci\u00f3n al cliente +34 958 062 500 y\/o correo electr\u00f3nico: <a href=\"mailto:info@maniguacasadecomidas.com\">info@maniguacasadecomidas.com<\/a> .<\/p>\n<p>El usuario\/a, del sitio web que facilita los datos sobre los que tiene responsabilidad plena de uso y custodia, siendo responsable de la veracidad de dichos datos personales facilitados al prestador.<\/p>\n<p><strong>Objeto del Contrato<\/strong><\/p>\n<p>El presente documento tiene por objeto regular la relaci\u00f3n contractual de proceder a la reserva solicitada y de llevar a cabo una oferta de servicios personalizados nacida entre el prestador y el usuario en el momento en que \u00e9ste acepta durante el proceso online la casilla correspondiente, La relaci\u00f3n contractual de proceder a la reserva solicitada conlleva la entrega, a cambio de un precio determinado y p\u00fablicamente expuesto a trav\u00e9s del sitio web, de un producto o servicio concreto.<\/p>\n<p><strong>PROCEDIMIENTO DE RESERVA<\/strong><\/p>\n<p>En el proceso de reserva se le solicita toda la informaci\u00f3n necesaria para que pueda formalizar el contrato, entre ellas la fecha, y los datos del usuario como titular que formaliza la reserva. El usuario es responsable de introducir los datos correctamente, y de comprobar la informaci\u00f3n de fechas e informaci\u00f3n correspondiente a cada producto.<\/p>\n<\/div>\n\n<div id=\"argenta-custom-69fa4ec54f0de\"  >\n\t<p><strong>FORMAS Y POL\u00cdTICA DE PAGO<\/strong><\/p>\n<p>Su reserva se procesar\u00e1 a trav\u00e9s de la aplicaci\u00f3n THEFORK y el cual sus datos no ser\u00e1n compartidos ni publicados a terceros.<\/p>\n<p>Para cancelar o modificar su reserva por favor p\u00f3ngase en contacto con nosotros a trav\u00e9s de Tel: +34 958 062 500 o el email <a href=\"mailto:info@maniguacasadecomidas.com\">info@maniguacasadecomidas.com<\/a><\/p>\n<p><strong>SEGURIDAD:<\/strong><\/p>\n<p>Certificados SSL Activos, de esta forma al utilizar el protocolo SSL se garantiza:<br \/>\n1. Que el Cliente est\u00e1 comunicando sus datos al centro servidor de LA EMPRESA y no a cualquier otro que intentara hacerse pasar por \u00e9ste.<\/p>\n<p>2. Que entre el Cliente y el centro servidor de LA EMPRESA los datos se transmiten cifrados, evitando su posible lectura o manipulaci\u00f3n por terceros.<\/p>\n<\/div>\n\n<div id=\"argenta-custom-69fa4ec54f211\"  >\n\t<p><strong>COMENTARIOS, SUGERENCIAS, QUEJAS Y RECLAMACIONES<\/strong><\/p>\n<p>Sus comentarios y sugerencias ser\u00e1n bien recibidos. Le rogamos que nos env\u00ede tales comentarios y sugerencias, as\u00ed como cualquier consulta, queja o reclamaci\u00f3n a trav\u00e9s de correo electr\u00f3nico.<\/p>\n<p>Adem\u00e1s, tenemos hojas oficiales de reclamaci\u00f3n a disposici\u00f3n de los consumidores y usuarios. Puede solicitarlas llamando al tel\u00e9fono +34 958 062 500 o al email <a href=\"mailto:info@maniguacasadecomidas.com\">info@maniguacasadecomidas.com<\/a><\/p>\n<p>Sus quejas y reclamaciones ante nuestro servicio de atenci\u00f3n al cliente ser\u00e1n atendidas en el plazo m\u00e1s breve posible y, en todo caso, Adem\u00e1s, tenemos hojas oficiales de reclamaci\u00f3n a disposici\u00f3n de los consumidores y usuarios. Puede solicitarlas mediante las v\u00edas antes referidas. Manigua Casa de Comidas dar\u00e1 respuesta a las reclamaciones recibidas en el plazo m\u00e1s breve posible y en todo caso sin exceder el plazo establecido en la normativa a tal efecto.<\/p>\n<\/div>\n\n<div id=\"argenta-custom-69fa4ec54f2f3\"  >\n\t<p><strong>LEY APLICABLE Y JURISDICCI\u00d3N<\/strong><\/p>\n<p>Esta p\u00e1gina web se encuentra sometida a la legislaci\u00f3n espa\u00f1ola y en caso de litigio o controversia surgida del uso de esta p\u00e1gina web ambas partes se someten a la jurisdicci\u00f3n de los tribunales de la ciudad de Granada. Esta cl\u00e1usula de sumisi\u00f3n expresa a los tribunales de la ciudad de Granada, no ser\u00e1 aplicable para los supuestos de litigio con los usuarios de la web que, seg\u00fan la legislaci\u00f3n vigente u ostenten la condici\u00f3n de consumidores, en cuyo caso el prestador y el usuario, acuerdan someter cualquier controversia que pudiera suscitarse de la prestaci\u00f3n de los productos o servicios objeto de \u00e9stas Condiciones, a los Juzgados y Tribunales donde est\u00e9 ubicado el usuario.<\/p>\n<p>Igualmente, el prestador y el usuario, podr\u00e1n someter sus conflictos a los arbitrajes previstos en la legislaci\u00f3n de arbitraje y de defensa de los consumidores y usuarios, y a los procedimientos de resoluci\u00f3n extrajudicial de conflictos que se instauren por medio de c\u00f3digos de conducta u otros instrumentos de autorregulaci\u00f3n.<\/p>\n<p>En caso de no estar de acuerdo con los productos \u00a0o servicios contratados y ser un cliente perteneciente a la Uni\u00f3n Europea, excepto espa\u00f1ol, podr\u00e1 dirigirse al siguiente enlace para formular la reclamaci\u00f3n oportuna:\u00a0\u00a0<a href=\"http:\/\/ec.europa.eu\/consumers\/odr\/\">http:\/\/ec.europa.eu\/consumers\/odr\/<\/a><\/p>\n<\/div>\n\n<\/div><\/div><\/div><\/div><div class=\"vc_row wpb_row vc_row-fluid\"><div class=\"wpb_column vc_column_container vc_col-sm-12\"><div class=\"vc_column-inner\"><div class=\"wpb_wrapper\"><div class=\"vc_empty_space\"   style=\"height: 50px\"><span class=\"vc_empty_space_inner\"><\/span><\/div><\/div><\/div><\/div><\/div>","protected":false},"excerpt":{"rendered":"DESDE EL CORAZ\u00d3N Un laberinto de callejuelas y sabores Condiciones Generales A continuaci\u00f3n, se expone el documento contractual que regir\u00e1 las reservas tur\u00edsticas efectuadas a trav\u00e9s del sitio web\u00a0https:\/\/www.maniguacasadecomidas.com\/ propiedad de Kamado Granada S.L \u00a0(en adelante el prestador). La aceptaci\u00f3n del presente documento conlleva que el usuario: Ha le\u00eddo, entiende y comprende lo aqu\u00ed expuesto. [...]","protected":false},"author":1,"featured_media":0,"parent":0,"menu_order":0,"comment_status":"closed","ping_status":"closed","template":"page-templates\/page_without-sidebar.php","meta":{"_uf_show_specific_survey":0,"_uf_disable_surveys":false,"footnotes":""},"class_list":["post-6156","page","type-page","status-publish","hentry"],"acf":[],"yoast_head":"<!-- This site is optimized with the Yoast SEO Premium plugin v20.11 (Yoast SEO v26.7) - https:\/\/yoast.com\/wordpress\/plugins\/seo\/ -->\n<title>Condiciones Generales - Manigua Casa de Comidas<\/title>\n<meta name=\"robots\" content=\"index, follow, max-snippet:-1, max-image-preview:large, max-video-preview:-1\" \/>\n<link rel=\"canonical\" href=\"https:\/\/maniguacasadecomidas.com\/en\/condiciones-generales\/\" \/>\n<meta property=\"og:locale\" content=\"en_GB\" \/>\n<meta property=\"og:type\" content=\"article\" \/>\n<meta property=\"og:title\" content=\"Condiciones Generales\" \/>\n<meta property=\"og:url\" content=\"https:\/\/maniguacasadecomidas.com\/en\/condiciones-generales\/\" \/>\n<meta property=\"og:site_name\" content=\"Manigua Casa de Comidas\" \/>\n<meta name=\"twitter:card\" content=\"summary_large_image\" \/>\n<meta name=\"twitter:label1\" content=\"Estimated reading time\" \/>\n\t<meta name=\"twitter:data1\" content=\"4 minutes\" \/>\n<script type=\"application\/ld+json\" class=\"yoast-schema-graph\">{\"@context\":\"https:\/\/schema.org\",\"@graph\":[{\"@type\":\"WebPage\",\"@id\":\"https:\/\/maniguacasadecomidas.com\/condiciones-generales\/\",\"url\":\"https:\/\/maniguacasadecomidas.com\/condiciones-generales\/\",\"name\":\"Condiciones Generales - Manigua Casa de Comidas\",\"isPartOf\":{\"@id\":\"https:\/\/maniguacasadecomidas.com\/#website\"},\"datePublished\":\"2024-08-03T16:42:54+00:00\",\"breadcrumb\":{\"@id\":\"https:\/\/maniguacasadecomidas.com\/condiciones-generales\/#breadcrumb\"},\"inLanguage\":\"en-GB\",\"potentialAction\":[{\"@type\":\"ReadAction\",\"target\":[\"https:\/\/maniguacasadecomidas.com\/condiciones-generales\/\"]}]},{\"@type\":\"BreadcrumbList\",\"@id\":\"https:\/\/maniguacasadecomidas.com\/condiciones-generales\/#breadcrumb\",\"itemListElement\":[{\"@type\":\"ListItem\",\"position\":1,\"name\":\"Portada\",\"item\":\"https:\/\/maniguacasadecomidas.com\/\"},{\"@type\":\"ListItem\",\"position\":2,\"name\":\"Condiciones Generales\"}]},{\"@type\":\"WebSite\",\"@id\":\"https:\/\/maniguacasadecomidas.com\/#website\",\"url\":\"https:\/\/maniguacasadecomidas.com\/\",\"name\":\"Manigua Casa de Comidas\",\"description\":\"Restaurate y Gastronom\u00eda en Granada\",\"potentialAction\":[{\"@type\":\"SearchAction\",\"target\":{\"@type\":\"EntryPoint\",\"urlTemplate\":\"https:\/\/maniguacasadecomidas.com\/?s={search_term_string}\"},\"query-input\":{\"@type\":\"PropertyValueSpecification\",\"valueRequired\":true,\"valueName\":\"search_term_string\"}}],\"inLanguage\":\"en-GB\"}]}<\/script>\n<!-- \/ Yoast SEO Premium plugin. -->","yoast_head_json":{"title":"Condiciones Generales - Manigua Casa de Comidas","robots":{"index":"index","follow":"follow","max-snippet":"max-snippet:-1","max-image-preview":"max-image-preview:large","max-video-preview":"max-video-preview:-1"},"canonical":"https:\/\/maniguacasadecomidas.com\/en\/condiciones-generales\/","og_locale":"en_GB","og_type":"article","og_title":"Condiciones Generales","og_url":"https:\/\/maniguacasadecomidas.com\/en\/condiciones-generales\/","og_site_name":"Manigua Casa de Comidas","twitter_card":"summary_large_image","twitter_misc":{"Estimated reading time":"4 minutes"},"schema":{"@context":"https:\/\/schema.org","@graph":[{"@type":"WebPage","@id":"https:\/\/maniguacasadecomidas.com\/condiciones-generales\/","url":"https:\/\/maniguacasadecomidas.com\/condiciones-generales\/","name":"Condiciones Generales - Manigua Casa de Comidas","isPartOf":{"@id":"https:\/\/maniguacasadecomidas.com\/#website"},"datePublished":"2024-08-03T16:42:54+00:00","breadcrumb":{"@id":"https:\/\/maniguacasadecomidas.com\/condiciones-generales\/#breadcrumb"},"inLanguage":"en-GB","potentialAction":[{"@type":"ReadAction","target":["https:\/\/maniguacasadecomidas.com\/condiciones-generales\/"]}]},{"@type":"BreadcrumbList","@id":"https:\/\/maniguacasadecomidas.com\/condiciones-generales\/#breadcrumb","itemListElement":[{"@type":"ListItem","position":1,"name":"Portada","item":"https:\/\/maniguacasadecomidas.com\/"},{"@type":"ListItem","position":2,"name":"Condiciones Generales"}]},{"@type":"WebSite","@id":"https:\/\/maniguacasadecomidas.com\/#website","url":"https:\/\/maniguacasadecomidas.com\/","name":"Jungle House Meals","description":"Restaurate y Gastronom\u00eda en Granada","potentialAction":[{"@type":"SearchAction","target":{"@type":"EntryPoint","urlTemplate":"https:\/\/maniguacasadecomidas.com\/?s={search_term_string}"},"query-input":{"@type":"PropertyValueSpecification","valueRequired":true,"valueName":"search_term_string"}}],"inLanguage":"en-GB"}]}},"_links":{"self":[{"href":"https:\/\/maniguacasadecomidas.com\/en\/wp-json\/wp\/v2\/pages\/6156","targetHints":{"allow":["GET"]}}],"collection":[{"href":"https:\/\/maniguacasadecomidas.com\/en\/wp-json\/wp\/v2\/pages"}],"about":[{"href":"https:\/\/maniguacasadecomidas.com\/en\/wp-json\/wp\/v2\/types\/page"}],"author":[{"embeddable":true,"href":"https:\/\/maniguacasadecomidas.com\/en\/wp-json\/wp\/v2\/users\/1"}],"replies":[{"embeddable":true,"href":"https:\/\/maniguacasadecomidas.com\/en\/wp-json\/wp\/v2\/comments?post=6156"}],"version-history":[{"count":2,"href":"https:\/\/maniguacasadecomidas.com\/en\/wp-json\/wp\/v2\/pages\/6156\/revisions"}],"predecessor-version":[{"id":6158,"href":"https:\/\/maniguacasadecomidas.com\/en\/wp-json\/wp\/v2\/pages\/6156\/revisions\/6158"}],"wp:attachment":[{"href":"https:\/\/maniguacasadecomidas.com\/en\/wp-json\/wp\/v2\/media?parent=6156"}],"curies":[{"name":"wp","href":"https:\/\/api.w.org\/{rel}","templated":true}]}}